{"id":28503,"date":"2023-03-15T10:52:03","date_gmt":"2023-03-15T09:52:03","guid":{"rendered":"https:\/\/bread.cz\/?page_id=28503\/"},"modified":"2023-03-15T11:06:44","modified_gmt":"2023-03-15T10:06:44","slug":"applicatore","status":"publish","type":"page","link":"https:\/\/bread.cz\/it\/applicatore\/","title":{"rendered":"Applicatore"},"content":{"rendered":"<p>[vc_row row_content_width=&#8221;grid&#8221; css=&#8221;.vc_custom_1661840882110{padding-top: 25px !important;padding-bottom: 25px !important;}&#8221;][vc_column offset=&#8221;vc_col-lg-12 vc_col-md-12&#8243;]<div class=\"eltdf-section-title-holder\" >\n\t\t\t<h2 class=\"eltdf-st-title\" >\n\t\t\t<span>Applicazione automatizzata<\/span>\n\t\t<\/h2>\n\t\t\t\t<h5 class=\"eltdf-st-text\" style=\"margin-top: 26px\">Sviluppiamo macchinari per l&#039;applicazione automatizzata di etichette commestibili. Questa tecnologia consente l&#039;applicazione di etichette sul pane dall&#039;alto o dal lato e su un&#039;ampia gamma di prodotti da forno e dolciari. Con l&#039;applicatore, panifici e pasticcerie possono ridurre i costi e aumentare la redditivit\u00e0. L&#039;applicatore pu\u00f2 essere installato su qualsiasi linea di produzione esistente o nuova.<\/h5>\n\t<\/div>[vc_empty_space height=&#8221;26px&#8221;]<div class=\"eltdf-section-title-holder\" >\n\t\t\t<h4 class=\"eltdf-st-title\" >\n\t\t\t<span>Concetto attuale:<\/span>\n\t\t<\/h4>\n\t\t<\/div>[vc_empty_space height=&#8221;26px&#8221;]<div class=\"eltdf-icon-list-holder\" >\n\t<div class=\"eltdf-il-icon-holder\">\n\t\t<i class=\"eltdf-icon-font-awesome fa fa-check \" style=\"color: #e99006\" ><\/i>\t<\/div>\n\t<p class=\"eltdf-il-text\" > sistema di 1 o pi\u00f9 unit\u00e0 applicatrici in base alle esigenze del cliente e alla capacit\u00e0 produttiva<\/p>\n<\/div><div class=\"eltdf-icon-list-holder\" >\n\t<div class=\"eltdf-il-icon-holder\">\n\t\t<i class=\"eltdf-icon-font-awesome fa fa-check \" style=\"color: #e99006\" ><\/i>\t<\/div>\n\t<p class=\"eltdf-il-text\" > ottimizzato per velocit\u00e0 da 3.000 a 40.000 pezzi all&#039;ora<\/p>\n<\/div><div class=\"eltdf-icon-list-holder\" >\n\t<div class=\"eltdf-il-icon-holder\">\n\t\t<i class=\"eltdf-icon-font-awesome fa fa-check \" style=\"color: #e99006\" ><\/i>\t<\/div>\n\t<p class=\"eltdf-il-text\" > le etichette vengono aggiunte a tubi intercambiabili di plastica o di carta<\/p>\n<\/div><div class=\"eltdf-icon-list-holder\" >\n\t<div class=\"eltdf-il-icon-holder\">\n\t\t<i class=\"eltdf-icon-font-awesome fa fa-check \" style=\"color: #e99006\" ><\/i>\t<\/div>\n\t<p class=\"eltdf-il-text\" > ogni tubo pu\u00f2 contenere 500-1.500 etichette<\/p>\n<\/div>[\/vc_column][\/vc_row][vc_row][vc_column]<div class=\"eltdf-elements-holder eltdf-responsive-mode-768\" ><div class=\"eltdf-eh-item eltdf-vertical-alignment-top\" data-item-class=\"eltdf-eh-custom-866196\" >\n\t<div class=\"eltdf-eh-item-inner\" >\n\t\t<div class=\"eltdf-eh-item-content eltdf-eh-custom-866196\" >\n\t\t\t[vc_raw_html]JTNDaWZyYW1lJTIwY2xhc3MlM0QlMjJjbGlja3VwLWVtYmVkJTIwY2xpY2t1cC1keW5hbWljLWhlaWdodCUyMiUyMHNyYyUzRCUyMmh0dHBzJTNBJTJGJTJGZm9ybXMuY2xpY2t1cC5jb20lMkYyMTU1MzU3JTJGZiUyRjIxcnV4LTE0NTI3JTJGTEZIMjJKTzNTSVZFS09VQ005JTIyJTIwb253aGVlbCUzRCUyMiUyMiUyMHdpZHRoJTNEJTIyMTAwJTI1JTIyJTIwaGVpZ2h0JTNEJTIyMTMwMHB4JTIyJTIwc3R5bGUlM0QlMjJiYWNrZ3JvdW5kJTNBJTIwdHJhbnNwYXJlbnQlM0IlMjBib3JkZXIlM0ElMjAwcHglM0IlMjIlM0UlM0MlMkZpZnJhbWUlM0UlM0NzY3JpcHQlMjBhc3luYyUyMHNyYyUzRCUyMmh0dHBzJTNBJTJGJTJGYXBwLWNkbi5jbGlja3VwLmNvbSUyRmFzc2V0cyUyRmpzJTJGZm9ybXMtZW1iZWQlMkZ2MS5qcyUyMiUzRSUzQyUyRnNjcmlwdCUzRQ==[\/vc_raw_html]\t\t<\/div>\n\t<\/div>\n<\/div><\/div>[\/vc_column][\/vc_row][vc_row][vc_column width=&#8221;1\/3&#8243;]<div class=\"eltdf-image-with-text-holder\">\n    <div class=\"eltdf-iwt-image\">\n                    <a itemprop=\"image\" href=\"https:\/\/bread.cz\/wp-content\/uploads\/2022\/10\/applicator_1.jpg\" data-rel=\"prettyPhoto[single_pretty_photo]\" title=\"\">\n                                    <img decoding=\"async\" width=\"1000\" height=\"800\" data-src=\"https:\/\/bread.cz\/wp-content\/uploads\/2022\/10\/applicator_1.jpg\" class=\"attachment-full size-full lazyload\" alt=\"\" data-srcset=\"https:\/\/bread.cz\/wp-content\/uploads\/2022\/10\/applicator_1.jpg 1000w, https:\/\/bread.cz\/wp-content\/uploads\/2022\/10\/applicator_1-300x240.jpg 300w, https:\/\/bread.cz\/wp-content\/uploads\/2022\/10\/applicator_1-768x614.jpg 768w\" data-sizes=\"(max-width: 1000px) 100vw, 1000px\" src=\"data:image\/gif;base64,R0lGODlhAQABAAAAACH5BAEKAAEALAAAAAABAAEAAAICTAEAOw==\" style=\"--smush-placeholder-width: 1000px; --smush-placeholder-aspect-ratio: 1000\/800;\" \/>                                <\/a>\n            <\/div>\n    <div class=\"eltdf-iwt-text-holder\">\n        \t\t            <p class=\"eltdf-iwt-text\" >applicazione sulla superficie dei prodotti da forno<\/p>\n            <\/div>\n<\/div>[\/vc_column][vc_column width=&#8221;1\/3&#8243;]<div class=\"eltdf-image-with-text-holder\">\n    <div class=\"eltdf-iwt-image\">\n                    <a itemprop=\"image\" href=\"https:\/\/bread.cz\/wp-content\/uploads\/2022\/10\/applicator_2.jpg\" data-rel=\"prettyPhoto[single_pretty_photo]\" title=\"\">\n                                    <img decoding=\"async\" width=\"1000\" height=\"800\" data-src=\"https:\/\/bread.cz\/wp-content\/uploads\/2022\/10\/applicator_2.jpg\" class=\"attachment-full size-full lazyload\" alt=\"\" data-srcset=\"https:\/\/bread.cz\/wp-content\/uploads\/2022\/10\/applicator_2.jpg 1000w, https:\/\/bread.cz\/wp-content\/uploads\/2022\/10\/applicator_2-300x240.jpg 300w, https:\/\/bread.cz\/wp-content\/uploads\/2022\/10\/applicator_2-768x614.jpg 768w\" data-sizes=\"(max-width: 1000px) 100vw, 1000px\" src=\"data:image\/gif;base64,R0lGODlhAQABAAAAACH5BAEKAAEALAAAAAABAAEAAAICTAEAOw==\" style=\"--smush-placeholder-width: 1000px; --smush-placeholder-aspect-ratio: 1000\/800;\" \/>                                <\/a>\n            <\/div>\n    <div class=\"eltdf-iwt-text-holder\">\n        \t\t            <p class=\"eltdf-iwt-text\" >applicazione sul lato del pane<\/p>\n            <\/div>\n<\/div>[\/vc_column][vc_column width=&#8221;1\/3&#8243;]<div class=\"eltdf-image-with-text-holder\">\n    <div class=\"eltdf-iwt-image\">\n                    <a itemprop=\"image\" href=\"https:\/\/bread.cz\/wp-content\/uploads\/2022\/10\/applicator_3.jpg\" data-rel=\"prettyPhoto[single_pretty_photo]\" title=\"\">\n                                    <img decoding=\"async\" width=\"1000\" height=\"800\" data-src=\"https:\/\/bread.cz\/wp-content\/uploads\/2022\/10\/applicator_3.jpg\" class=\"attachment-full size-full lazyload\" alt=\"\" data-srcset=\"https:\/\/bread.cz\/wp-content\/uploads\/2022\/10\/applicator_3.jpg 1000w, https:\/\/bread.cz\/wp-content\/uploads\/2022\/10\/applicator_3-300x240.jpg 300w, https:\/\/bread.cz\/wp-content\/uploads\/2022\/10\/applicator_3-768x614.jpg 768w\" data-sizes=\"(max-width: 1000px) 100vw, 1000px\" src=\"data:image\/gif;base64,R0lGODlhAQABAAAAACH5BAEKAAEALAAAAAABAAEAAAICTAEAOw==\" style=\"--smush-placeholder-width: 1000px; --smush-placeholder-aspect-ratio: 1000\/800;\" \/>                                <\/a>\n            <\/div>\n    <div class=\"eltdf-iwt-text-holder\">\n        \t\t            <p class=\"eltdf-iwt-text\" >applicazione sul fondo del cestello di prova<\/p>\n            <\/div>\n<\/div>[\/vc_column][\/vc_row][vc_row][vc_column][vc_empty_space height=&#8221;64px&#8221;][\/vc_column][\/vc_row]<\/p>\n","protected":false},"excerpt":{"rendered":"<p>[vc_row row_content_width=&#8221;grid&#8221; css=&#8221;.vc_custom_1661840882110{padding-top: 25px !important;padding-bottom: 25px !important;}&#8221;][vc_column offset=&#8221;vc_col-lg-12 vc_col-md-12&#8243;][vc_empty_space height=&#8221;26px&#8221;][vc_empty_space height=&#8221;26px&#8221;][\/vc_column][\/vc_row][vc_row][vc_column][\/vc_column][\/vc_row][vc_row][vc_column width=&#8221;1\/3&#8243;][\/vc_column][vc_column width=&#8221;1\/3&#8243;][\/vc_column][vc_column width=&#8221;1\/3&#8243;][\/vc_column][\/vc_row][vc_row][vc_column][vc_empty_space height=&#8221;64px&#8221;][\/vc_column][\/vc_row]<\/p>\n","protected":false},"author":1,"featured_media":0,"parent":0,"menu_order":0,"comment_status":"closed","ping_status":"closed","template":"","meta":{"_monsterinsights_skip_tracking":false,"_monsterinsights_sitenote_active":false,"_monsterinsights_sitenote_note":"","_monsterinsights_sitenote_category":0,"footnotes":""},"class_list":["post-28503","page","type-page","status-publish","hentry"],"_links":{"self":[{"href":"https:\/\/bread.cz\/it\/wp-json\/wp\/v2\/pages\/28503","targetHints":{"allow":["GET"]}}],"collection":[{"href":"https:\/\/bread.cz\/it\/wp-json\/wp\/v2\/pages"}],"about":[{"href":"https:\/\/bread.cz\/it\/wp-json\/wp\/v2\/types\/page"}],"author":[{"embeddable":true,"href":"https:\/\/bread.cz\/it\/wp-json\/wp\/v2\/users\/1"}],"replies":[{"embeddable":true,"href":"https:\/\/bread.cz\/it\/wp-json\/wp\/v2\/comments?post=28503"}],"version-history":[{"count":4,"href":"https:\/\/bread.cz\/it\/wp-json\/wp\/v2\/pages\/28503\/revisions"}],"predecessor-version":[{"id":28507,"href":"https:\/\/bread.cz\/it\/wp-json\/wp\/v2\/pages\/28503\/revisions\/28507"}],"wp:attachment":[{"href":"https:\/\/bread.cz\/it\/wp-json\/wp\/v2\/media?parent=28503"}],"curies":[{"name":"wp","href":"https:\/\/api.w.org\/{rel}","templated":true}]}}