{"id":28499,"date":"2023-03-15T10:44:36","date_gmt":"2023-03-15T09:44:36","guid":{"rendered":"https:\/\/bread.cz\/?page_id=28499\/"},"modified":"2026-04-22T13:20:33","modified_gmt":"2026-04-22T11:20:33","slug":"certificati","status":"publish","type":"page","link":"https:\/\/bread.cz\/it\/certificati\/","title":{"rendered":"Certificati"},"content":{"rendered":"<p>[vc_section css=&#8221;.vc_custom_1534767948341{background-color: #ffffff !important;}&#8221;][vc_row row_content_width=&#8221;grid&#8221; css=&#8221;.vc_custom_1534767627777{background-color: #ffffff !important;}&#8221;][vc_column]<div class=\"eltdf-elements-holder eltdf-responsive-mode-768\" ><div class=\"eltdf-eh-item eltdf-horizontal-alignment-center\" data-item-class=\"eltdf-eh-custom-615385\" >\n\t<div class=\"eltdf-eh-item-inner\" >\n\t\t<div class=\"eltdf-eh-item-content eltdf-eh-custom-615385\" >\n\t\t\t[vc_column_text]L&#8217;azienda <strong>breAd. &amp; edible labels<\/strong> produce i suoi prodotti su macchine innovative nel rispetto dei pi\u00f9 severi standard igienici. Il risultato sono prodotti di alta qualit\u00e0 che forniamo ai mercati globali.[\/vc_column_text]\t\t<\/div>\n\t<\/div>\n<\/div><\/div>[\/vc_column][\/vc_row][\/vc_section][vc_section css=&#8221;.vc_custom_1645006885108{margin-bottom: 0px !important;background-color: #ffffff !important;}&#8221;][vc_row row_content_width=&#8221;grid&#8221; css=&#8221;.vc_custom_1534767627777{background-color: #ffffff !important;}&#8221;][vc_column width=&#8221;1\/4&#8243;]<div class=\"eltdf-elements-holder eltdf-responsive-mode-768\" ><div class=\"eltdf-eh-item eltdf-horizontal-alignment-center\" data-item-class=\"eltdf-eh-custom-666627\" >\n\t<div class=\"eltdf-eh-item-inner\" >\n\t\t<div class=\"eltdf-eh-item-content eltdf-eh-custom-666627\" >\n\t\t\t[vc_single_image image=&#8221;19053&#8243; img_size=&#8221;full&#8221;][vc_single_image image=&#8221;19096&#8243; img_size=&#8221;full&#8221;]\t\t<\/div>\n\t<\/div>\n<\/div><\/div>[\/vc_column][vc_column width=&#8221;3\/4&#8243;]<div class=\"eltdf-elements-holder eltdf-responsive-mode-768\" ><div class=\"eltdf-eh-item eltdf-horizontal-alignment-center\" data-item-class=\"eltdf-eh-custom-603473\" >\n\t<div class=\"eltdf-eh-item-inner\" >\n\t\t<div class=\"eltdf-eh-item-content eltdf-eh-custom-603473\" >\n\t\t\t[vc_column_text]<\/p>\n<p style=\"text-align: left;\">Gli alimenti biologici sono prodotti da bioprodotti, cio\u00e8 da prodotti dell&#8217;agricoltura biologica controllata, che \u00e8 un modo molto avanzato di coltivare con un rapporto positivo con il suolo, le piante, gli animali e la natura senza l&#8217;uso di fertilizzanti artificiali, prodotti chimici, spray, ormoni e sostanze artificiali.<\/p>\n<p><strong>Scarica qui: <a href=\"https:\/\/bread.cz\/wp-content\/uploads\/2026\/04\/BIO-certifikat-CZ_AJ_2026_2027.pdf\" target=\"_blank\" rel=\"noopener\">Certificato KEZ<\/a><\/strong>[\/vc_column_text]\t\t<\/div>\n\t<\/div>\n<\/div><\/div>[\/vc_column][\/vc_row][\/vc_section][vc_section css=&#8221;.vc_custom_1612342929778{margin-bottom: 100px !important;background-color: #ffffff !important;}&#8221;][vc_row row_content_width=&#8221;grid&#8221; css=&#8221;.vc_custom_1534767627777{background-color: #ffffff !important;}&#8221;][vc_column width=&#8221;1\/4&#8243;]<div class=\"eltdf-elements-holder eltdf-responsive-mode-768\" ><div class=\"eltdf-eh-item eltdf-horizontal-alignment-center\" data-item-class=\"eltdf-eh-custom-706757\" >\n\t<div class=\"eltdf-eh-item-inner\" >\n\t\t<div class=\"eltdf-eh-item-content eltdf-eh-custom-706757\" >\n\t\t\t[vc_single_image image=&#8221;21610&#8243; img_size=&#8221;&#8221; alignment=&#8221;center&#8221;]\t\t<\/div>\n\t<\/div>\n<\/div><\/div>[\/vc_column][vc_column width=&#8221;3\/4&#8243;]<div class=\"eltdf-elements-holder eltdf-responsive-mode-768\" ><div class=\"eltdf-eh-item eltdf-horizontal-alignment-center\" data-item-class=\"eltdf-eh-custom-543783\" >\n\t<div class=\"eltdf-eh-item-inner\" >\n\t\t<div class=\"eltdf-eh-item-content eltdf-eh-custom-543783\" >\n\t\t\t[vc_column_text]<\/p>\n<p style=\"text-align: left;\">Gli standard globali BRC garantiscono l&#8217;affidabilit\u00e0 dell&#8217;intera catena di fornitura, standardizzando i requisiti di qualit\u00e0, sicurezza e operativit\u00e0. Stabiliscono i criteri per le pratiche di produzione eccellenti, dando ai clienti la certezza che i prodotti sono sicuri, di alta qualit\u00e0 e conformi.<\/p>\n<p><strong>Scarica qui: <a href=\"https:\/\/bread.cz\/wp-content\/uploads\/2022\/11\/00034266-BRC-ENGUS-UKAS.PDF\" target=\"_blank\" rel=\"noopener\">Certificato BRC<\/a><\/strong>[\/vc_column_text]\t\t<\/div>\n\t<\/div>\n<\/div><\/div>[\/vc_column][\/vc_row][\/vc_section]<\/p>\n","protected":false},"excerpt":{"rendered":"<p>[vc_section css=&#8221;.vc_custom_1534767948341{background-color: #ffffff !important;}&#8221;][vc_row row_content_width=&#8221;grid&#8221; css=&#8221;.vc_custom_1534767627777{background-color: #ffffff !important;}&#8221;][vc_column][\/vc_column][\/vc_row][\/vc_section][vc_section css=&#8221;.vc_custom_1645006885108{margin-bottom: 0px !important;background-color: #ffffff !important;}&#8221;][vc_row row_content_width=&#8221;grid&#8221; css=&#8221;.vc_custom_1534767627777{background-color: #ffffff !important;}&#8221;][vc_column width=&#8221;1\/4&#8243;][\/vc_column][vc_column width=&#8221;3\/4&#8243;][\/vc_column][\/vc_row][\/vc_section][vc_section css=&#8221;.vc_custom_1612342929778{margin-bottom: 100px !important;background-color: #ffffff !important;}&#8221;][vc_row row_content_width=&#8221;grid&#8221; css=&#8221;.vc_custom_1534767627777{background-color: #ffffff !important;}&#8221;][vc_column width=&#8221;1\/4&#8243;][\/vc_column][vc_column width=&#8221;3\/4&#8243;][\/vc_column][\/vc_row][\/vc_section]<\/p>\n","protected":false},"author":1,"featured_media":0,"parent":0,"menu_order":0,"comment_status":"closed","ping_status":"closed","template":"full-width.php","meta":{"_monsterinsights_skip_tracking":false,"_monsterinsights_sitenote_active":false,"_monsterinsights_sitenote_note":"","_monsterinsights_sitenote_category":0,"footnotes":""},"class_list":["post-28499","page","type-page","status-publish","hentry"],"_links":{"self":[{"href":"https:\/\/bread.cz\/it\/wp-json\/wp\/v2\/pages\/28499","targetHints":{"allow":["GET"]}}],"collection":[{"href":"https:\/\/bread.cz\/it\/wp-json\/wp\/v2\/pages"}],"about":[{"href":"https:\/\/bread.cz\/it\/wp-json\/wp\/v2\/types\/page"}],"author":[{"embeddable":true,"href":"https:\/\/bread.cz\/it\/wp-json\/wp\/v2\/users\/1"}],"replies":[{"embeddable":true,"href":"https:\/\/bread.cz\/it\/wp-json\/wp\/v2\/comments?post=28499"}],"version-history":[{"count":7,"href":"https:\/\/bread.cz\/it\/wp-json\/wp\/v2\/pages\/28499\/revisions"}],"predecessor-version":[{"id":54135,"href":"https:\/\/bread.cz\/it\/wp-json\/wp\/v2\/pages\/28499\/revisions\/54135"}],"wp:attachment":[{"href":"https:\/\/bread.cz\/it\/wp-json\/wp\/v2\/media?parent=28499"}],"curies":[{"name":"wp","href":"https:\/\/api.w.org\/{rel}","templated":true}]}}