{"id":28652,"date":"2023-03-17T11:14:56","date_gmt":"2023-03-17T10:14:56","guid":{"rendered":"https:\/\/bread.cz\/?page_id=28652\/"},"modified":"2023-03-17T11:16:58","modified_gmt":"2023-03-17T10:16:58","slug":"applicateur","status":"publish","type":"page","link":"https:\/\/bread.cz\/fr\/applicateur\/","title":{"rendered":"Applicateur"},"content":{"rendered":"<p>[vc_row row_content_width=\u00a0\u00bbgrid\u00a0\u00bb css=\u00a0\u00bb.vc_custom_1661840882110{padding-top: 25px !important;padding-bottom: 25px !important;}\u00a0\u00bb][vc_column offset=\u00a0\u00bbvc_col-lg-12 vc_col-md-12&Prime;]<div class=\"eltdf-section-title-holder\" >\n\t\t\t<h2 class=\"eltdf-st-title\" >\n\t\t\t<span>Application automatis\u00e9e<\/span>\n\t\t<\/h2>\n\t\t\t\t<h5 class=\"eltdf-st-text\" style=\"margin-top: 26px\">Nous d\u00e9veloppons des machines pour l&#039;application automatis\u00e9e d&#039;\u00e9tiquettes comestibles. Cette technologie permet l&#039;application d&#039;\u00e9tiquettes sur le pain par le dessus ou le c\u00f4t\u00e9 et sur une large gamme de produits de boulangerie et de confiserie. Gr\u00e2ce \u00e0 l&#039;applicateur, les boulangeries et les p\u00e2tisseries peuvent r\u00e9duire leurs co\u00fbts et augmenter leur rentabilit\u00e9. L&#039;applicateur peut \u00eatre install\u00e9 sur n&#039;importe quelle ligne de production existante ou nouvelle.<\/h5>\n\t<\/div>[vc_empty_space height=\u00a0\u00bb26px\u00a0\u00bb]<div class=\"eltdf-section-title-holder\" >\n\t\t\t<h4 class=\"eltdf-st-title\" >\n\t\t\t<span>Concept actuel :<\/span>\n\t\t<\/h4>\n\t\t<\/div>[vc_empty_space height=\u00a0\u00bb26px\u00a0\u00bb]<div class=\"eltdf-icon-list-holder\" >\n\t<div class=\"eltdf-il-icon-holder\">\n\t\t<i class=\"eltdf-icon-font-awesome fa fa-check \" style=\"color: #e99006\" ><\/i>\t<\/div>\n\t<p class=\"eltdf-il-text\" > syst\u00e8me de 1 ou plusieurs unit\u00e9s d&#039;application en fonction des besoins du client et de la capacit\u00e9 de production<\/p>\n<\/div><div class=\"eltdf-icon-list-holder\" >\n\t<div class=\"eltdf-il-icon-holder\">\n\t\t<i class=\"eltdf-icon-font-awesome fa fa-check \" style=\"color: #e99006\" ><\/i>\t<\/div>\n\t<p class=\"eltdf-il-text\" > optimis\u00e9 pour des vitesses de 3 000 \u00e0 40 000 pi\u00e8ces par heure<\/p>\n<\/div><div class=\"eltdf-icon-list-holder\" >\n\t<div class=\"eltdf-il-icon-holder\">\n\t\t<i class=\"eltdf-icon-font-awesome fa fa-check \" style=\"color: #e99006\" ><\/i>\t<\/div>\n\t<p class=\"eltdf-il-text\" > des \u00e9tiquettes sont ajout\u00e9es \u00e0 des tubes interchangeables en plastique ou en papier<\/p>\n<\/div><div class=\"eltdf-icon-list-holder\" >\n\t<div class=\"eltdf-il-icon-holder\">\n\t\t<i class=\"eltdf-icon-font-awesome fa fa-check \" style=\"color: #e99006\" ><\/i>\t<\/div>\n\t<p class=\"eltdf-il-text\" > chaque tube peut contenir de 500 \u00e0 1 500 \u00e9tiquettes<\/p>\n<\/div>[\/vc_column][\/vc_row][vc_row][vc_column]<div class=\"eltdf-elements-holder eltdf-responsive-mode-768\" ><div class=\"eltdf-eh-item eltdf-vertical-alignment-top\" data-item-class=\"eltdf-eh-custom-382496\" >\n\t<div class=\"eltdf-eh-item-inner\" >\n\t\t<div class=\"eltdf-eh-item-content eltdf-eh-custom-382496\" >\n\t\t\t[vc_raw_html]JTNDaWZyYW1lJTIwY2xhc3MlM0QlMjJjbGlja3VwLWVtYmVkJTIwY2xpY2t1cC1keW5hbWljLWhlaWdodCUyMiUyMHNyYyUzRCUyMmh0dHBzJTNBJTJGJTJGZm9ybXMuY2xpY2t1cC5jb20lMkYyMTU1MzU3JTJGZiUyRjIxcnV4LTE0NTI3JTJGTEZIMjJKTzNTSVZFS09VQ005JTIyJTIwb253aGVlbCUzRCUyMiUyMiUyMHdpZHRoJTNEJTIyMTAwJTI1JTIyJTIwaGVpZ2h0JTNEJTIyMTMwMHB4JTIyJTIwc3R5bGUlM0QlMjJiYWNrZ3JvdW5kJTNBJTIwdHJhbnNwYXJlbnQlM0IlMjBib3JkZXIlM0ElMjAwcHglM0IlMjIlM0UlM0MlMkZpZnJhbWUlM0UlM0NzY3JpcHQlMjBhc3luYyUyMHNyYyUzRCUyMmh0dHBzJTNBJTJGJTJGYXBwLWNkbi5jbGlja3VwLmNvbSUyRmFzc2V0cyUyRmpzJTJGZm9ybXMtZW1iZWQlMkZ2MS5qcyUyMiUzRSUzQyUyRnNjcmlwdCUzRQ==[\/vc_raw_html]\t\t<\/div>\n\t<\/div>\n<\/div><\/div>[\/vc_column][\/vc_row][vc_row][vc_column width=\u00a0\u00bb1\/3&Prime;]<div class=\"eltdf-image-with-text-holder\">\n    <div class=\"eltdf-iwt-image\">\n                    <a itemprop=\"image\" href=\"https:\/\/bread.cz\/wp-content\/uploads\/2022\/10\/applicator_1.jpg\" data-rel=\"prettyPhoto[single_pretty_photo]\" title=\"\">\n                                    <img decoding=\"async\" width=\"1000\" height=\"800\" data-src=\"https:\/\/bread.cz\/wp-content\/uploads\/2022\/10\/applicator_1.jpg\" class=\"attachment-full size-full lazyload\" alt=\"\" data-srcset=\"https:\/\/bread.cz\/wp-content\/uploads\/2022\/10\/applicator_1.jpg 1000w, https:\/\/bread.cz\/wp-content\/uploads\/2022\/10\/applicator_1-300x240.jpg 300w, https:\/\/bread.cz\/wp-content\/uploads\/2022\/10\/applicator_1-768x614.jpg 768w\" data-sizes=\"(max-width: 1000px) 100vw, 1000px\" src=\"data:image\/gif;base64,R0lGODlhAQABAAAAACH5BAEKAAEALAAAAAABAAEAAAICTAEAOw==\" style=\"--smush-placeholder-width: 1000px; --smush-placeholder-aspect-ratio: 1000\/800;\" \/>                                <\/a>\n            <\/div>\n    <div class=\"eltdf-iwt-text-holder\">\n        \t\t            <p class=\"eltdf-iwt-text\" >application \u00e0 la surface des produits de boulangerie<\/p>\n            <\/div>\n<\/div>[\/vc_column][vc_column width=\u00a0\u00bb1\/3&Prime;]<div class=\"eltdf-image-with-text-holder\">\n    <div class=\"eltdf-iwt-image\">\n                    <a itemprop=\"image\" href=\"https:\/\/bread.cz\/wp-content\/uploads\/2022\/10\/applicator_2.jpg\" data-rel=\"prettyPhoto[single_pretty_photo]\" title=\"\">\n                                    <img decoding=\"async\" width=\"1000\" height=\"800\" data-src=\"https:\/\/bread.cz\/wp-content\/uploads\/2022\/10\/applicator_2.jpg\" class=\"attachment-full size-full lazyload\" alt=\"\" data-srcset=\"https:\/\/bread.cz\/wp-content\/uploads\/2022\/10\/applicator_2.jpg 1000w, https:\/\/bread.cz\/wp-content\/uploads\/2022\/10\/applicator_2-300x240.jpg 300w, https:\/\/bread.cz\/wp-content\/uploads\/2022\/10\/applicator_2-768x614.jpg 768w\" data-sizes=\"(max-width: 1000px) 100vw, 1000px\" src=\"data:image\/gif;base64,R0lGODlhAQABAAAAACH5BAEKAAEALAAAAAABAAEAAAICTAEAOw==\" style=\"--smush-placeholder-width: 1000px; --smush-placeholder-aspect-ratio: 1000\/800;\" \/>                                <\/a>\n            <\/div>\n    <div class=\"eltdf-iwt-text-holder\">\n        \t\t            <p class=\"eltdf-iwt-text\" >application sur le c\u00f4t\u00e9 du pain<\/p>\n            <\/div>\n<\/div>[\/vc_column][vc_column width=\u00a0\u00bb1\/3&Prime;]<div class=\"eltdf-image-with-text-holder\">\n    <div class=\"eltdf-iwt-image\">\n                    <a itemprop=\"image\" href=\"https:\/\/bread.cz\/wp-content\/uploads\/2022\/10\/applicator_3.jpg\" data-rel=\"prettyPhoto[single_pretty_photo]\" title=\"\">\n                                    <img decoding=\"async\" width=\"1000\" height=\"800\" data-src=\"https:\/\/bread.cz\/wp-content\/uploads\/2022\/10\/applicator_3.jpg\" class=\"attachment-full size-full lazyload\" alt=\"\" data-srcset=\"https:\/\/bread.cz\/wp-content\/uploads\/2022\/10\/applicator_3.jpg 1000w, https:\/\/bread.cz\/wp-content\/uploads\/2022\/10\/applicator_3-300x240.jpg 300w, https:\/\/bread.cz\/wp-content\/uploads\/2022\/10\/applicator_3-768x614.jpg 768w\" data-sizes=\"(max-width: 1000px) 100vw, 1000px\" src=\"data:image\/gif;base64,R0lGODlhAQABAAAAACH5BAEKAAEALAAAAAABAAEAAAICTAEAOw==\" style=\"--smush-placeholder-width: 1000px; --smush-placeholder-aspect-ratio: 1000\/800;\" \/>                                <\/a>\n            <\/div>\n    <div class=\"eltdf-iwt-text-holder\">\n        \t\t            <p class=\"eltdf-iwt-text\" >application sur le fond du panier d&#039;\u00e9tuvage<\/p>\n            <\/div>\n<\/div>[\/vc_column][\/vc_row][vc_row][vc_column][vc_empty_space height=\u00a0\u00bb64px\u00a0\u00bb][\/vc_column][\/vc_row]<\/p>\n","protected":false},"excerpt":{"rendered":"<p>[vc_row row_content_width=\u00a0\u00bbgrid\u00a0\u00bb css=\u00a0\u00bb.vc_custom_1661840882110{padding-top: 25px !important;padding-bottom: 25px !important;}\u00a0\u00bb][vc_column offset=\u00a0\u00bbvc_col-lg-12 vc_col-md-12&Prime;][vc_empty_space height=\u00a0\u00bb26px\u00a0\u00bb][vc_empty_space height=\u00a0\u00bb26px\u00a0\u00bb][\/vc_column][\/vc_row][vc_row][vc_column][\/vc_column][\/vc_row][vc_row][vc_column width=\u00a0\u00bb1\/3&Prime;][\/vc_column][vc_column width=\u00a0\u00bb1\/3&Prime;][\/vc_column][vc_column width=\u00a0\u00bb1\/3&Prime;][\/vc_column][\/vc_row][vc_row][vc_column][vc_empty_space height=\u00a0\u00bb64px\u00a0\u00bb][\/vc_column][\/vc_row]<\/p>\n","protected":false},"author":1,"featured_media":0,"parent":0,"menu_order":0,"comment_status":"closed","ping_status":"closed","template":"","meta":{"_monsterinsights_skip_tracking":false,"_monsterinsights_sitenote_active":false,"_monsterinsights_sitenote_note":"","_monsterinsights_sitenote_category":0,"footnotes":""},"class_list":["post-28652","page","type-page","status-publish","hentry"],"_links":{"self":[{"href":"https:\/\/bread.cz\/fr\/wp-json\/wp\/v2\/pages\/28652","targetHints":{"allow":["GET"]}}],"collection":[{"href":"https:\/\/bread.cz\/fr\/wp-json\/wp\/v2\/pages"}],"about":[{"href":"https:\/\/bread.cz\/fr\/wp-json\/wp\/v2\/types\/page"}],"author":[{"embeddable":true,"href":"https:\/\/bread.cz\/fr\/wp-json\/wp\/v2\/users\/1"}],"replies":[{"embeddable":true,"href":"https:\/\/bread.cz\/fr\/wp-json\/wp\/v2\/comments?post=28652"}],"version-history":[{"count":3,"href":"https:\/\/bread.cz\/fr\/wp-json\/wp\/v2\/pages\/28652\/revisions"}],"predecessor-version":[{"id":28658,"href":"https:\/\/bread.cz\/fr\/wp-json\/wp\/v2\/pages\/28652\/revisions\/28658"}],"wp:attachment":[{"href":"https:\/\/bread.cz\/fr\/wp-json\/wp\/v2\/media?parent=28652"}],"curies":[{"name":"wp","href":"https:\/\/api.w.org\/{rel}","templated":true}]}}