{"id":34287,"date":"2023-04-06T09:00:40","date_gmt":"2023-04-06T07:00:40","guid":{"rendered":"https:\/\/bread.cz\/?page_id=34287\/"},"modified":"2023-04-06T09:00:40","modified_gmt":"2023-04-06T07:00:40","slug":"impressum","status":"publish","type":"page","link":"https:\/\/bread.cz\/es\/impressum\/","title":{"rendered":"Impressum"},"content":{"rendered":"<p>[vc_row row_content_width=\u00bbgrid\u00bb css=\u00bb.vc_custom_1534756262957{padding-top: 25px !important;padding-bottom: 61px !important;}\u00bb][vc_column offset=\u00bbvc_col-lg-12 vc_col-md-12&#8243;][vc_custom_heading text=\u00bbbreAd. &amp; edible labels s.r.o.\u00bb font_container=\u00bbtag:h2|font_size:30px|text_align:left|color:%23363636|line_height:30px\u00bb google_fonts=\u00bbfont_family:Signika%3A300%2Cregular%2C600%2C700|font_style:700%20bold%20regular%3A700%3Anormal\u00bb][vc_column_text]La empresa est\u00e1 inscrita en el Registro Mercantil del Tribunal Regional de Ostrava, Secci\u00f3n C, Inscripci\u00f3n 56233.[\/vc_column_text][vc_empty_space height=\u00bb16px\u00bb][vc_row_inner][vc_column_inner offset=\u00bbvc_col-lg-12 vc_col-md-12&#8243;][vc_column_text]<\/p>\n<h4><strong>breAd. &amp; edible labels s.r.o.<\/strong><\/h4>\n<p>[\/vc_column_text][vc_empty_space height=\u00bb6&#8243;][vc_column_text]Jamnick\u00e1 66, Star\u00e9 M\u011bsto<br \/>\n738 01 Fr\u00fddek-M\u00edstek<\/p>\n<p><strong>Tel\u00e9fono:<\/strong> +420 775 445 511<br \/>\n<strong>Email<\/strong>:\u00a0<a href=\"mailto:info@bread.cz\">info@bread.cz<\/a><br \/>\n<strong>N\u00famero de IVA:<\/strong> CZ28815084[\/vc_column_text][\/vc_column_inner][\/vc_row_inner][\/vc_column][\/vc_row]<\/p>\n","protected":false},"excerpt":{"rendered":"<p>[vc_row row_content_width=\u00bbgrid\u00bb css=\u00bb.vc_custom_1534756262957{padding-top: 25px !important;padding-bottom: 61px !important;}\u00bb][vc_column offset=\u00bbvc_col-lg-12 vc_col-md-12&#8243;][vc_custom_heading text=\u00bbbreAd. &amp; edible labels s.r.o.\u00bb font_container=\u00bbtag:h2|font_size:30px|text_align:left|color:%23363636|line_height:30px\u00bb google_fonts=\u00bbfont_family:Signika%3A300%2Cregular%2C600%2C700|font_style:700%20bold%20regular%3A700%3Anormal\u00bb][vc_column_text]La empresa est\u00e1 inscrita en el Registro Mercantil del Tribunal Regional de Ostrava, Secci\u00f3n C, Inscripci\u00f3n 56233.[\/vc_column_text][vc_empty_space height=\u00bb16px\u00bb][vc_row_inner][vc_column_inner offset=\u00bbvc_col-lg-12 vc_col-md-12&#8243;][vc_column_text] breAd. &amp; edible labels s.r.o. [\/vc_column_text][vc_empty_space height=\u00bb6&#8243;][vc_column_text]Jamnick\u00e1 66, Star\u00e9 M\u011bsto [&hellip;]<\/p>\n","protected":false},"author":1,"featured_media":0,"parent":0,"menu_order":0,"comment_status":"closed","ping_status":"closed","template":"","meta":{"_monsterinsights_skip_tracking":false,"_monsterinsights_sitenote_active":false,"_monsterinsights_sitenote_note":"","_monsterinsights_sitenote_category":0,"footnotes":""},"class_list":["post-34287","page","type-page","status-publish","hentry"],"_links":{"self":[{"href":"https:\/\/bread.cz\/es\/wp-json\/wp\/v2\/pages\/34287","targetHints":{"allow":["GET"]}}],"collection":[{"href":"https:\/\/bread.cz\/es\/wp-json\/wp\/v2\/pages"}],"about":[{"href":"https:\/\/bread.cz\/es\/wp-json\/wp\/v2\/types\/page"}],"author":[{"embeddable":true,"href":"https:\/\/bread.cz\/es\/wp-json\/wp\/v2\/users\/1"}],"replies":[{"embeddable":true,"href":"https:\/\/bread.cz\/es\/wp-json\/wp\/v2\/comments?post=34287"}],"version-history":[{"count":1,"href":"https:\/\/bread.cz\/es\/wp-json\/wp\/v2\/pages\/34287\/revisions"}],"predecessor-version":[{"id":34288,"href":"https:\/\/bread.cz\/es\/wp-json\/wp\/v2\/pages\/34287\/revisions\/34288"}],"wp:attachment":[{"href":"https:\/\/bread.cz\/es\/wp-json\/wp\/v2\/media?parent=34287"}],"curies":[{"name":"wp","href":"https:\/\/api.w.org\/{rel}","templated":true}]}}