{"id":28937,"date":"2023-03-30T10:40:02","date_gmt":"2023-03-30T08:40:02","guid":{"rendered":"https:\/\/bread.cz\/?page_id=28937\/"},"modified":"2023-03-30T10:49:35","modified_gmt":"2023-03-30T08:49:35","slug":"aplicador","status":"publish","type":"page","link":"https:\/\/bread.cz\/es\/aplicador\/","title":{"rendered":"Aplicador"},"content":{"rendered":"<p>[vc_row row_content_width=\u00bbgrid\u00bb css=\u00bb.vc_custom_1661840882110{padding-top: 25px !important;padding-bottom: 25px !important;}\u00bb][vc_column offset=\u00bbvc_col-lg-12 vc_col-md-12&#8243;]<div class=\"eltdf-section-title-holder\" >\n\t\t\t<h2 class=\"eltdf-st-title\" >\n\t\t\t<span>Aplicaciones automatizadas<\/span>\n\t\t<\/h2>\n\t\t\t\t<h5 class=\"eltdf-st-text\" style=\"margin-top: 26px\">Desarrollamos maquinaria para la aplicaci\u00f3n automatizada de etiquetas comestibles. Esta tecnolog\u00eda permitir\u00e1 la aplicaci\u00f3n de etiquetas en pan por la parte superior y lateral, as\u00ed como en una amplia gama de productos de panader\u00eda y pasteler\u00eda. Con el aplicador, las panader\u00edas y pasteler\u00edas pueden reducir costes y aumentar la rentabilidad. El aplicador puede instalarse en cualquier l\u00ednea de producci\u00f3n existente o nueva.<\/h5>\n\t<\/div>[vc_empty_space height=\u00bb26px\u00bb]<div class=\"eltdf-section-title-holder\" >\n\t\t\t<h4 class=\"eltdf-st-title\" >\n\t\t\t<span>Concepto actual:<\/span>\n\t\t<\/h4>\n\t\t<\/div>[vc_empty_space height=\u00bb26px\u00bb]<div class=\"eltdf-icon-list-holder\" >\n\t<div class=\"eltdf-il-icon-holder\">\n\t\t<i class=\"eltdf-icon-font-awesome fa fa-check \" style=\"color: #e99006\" ><\/i>\t<\/div>\n\t<p class=\"eltdf-il-text\" > sistema de 1 o m\u00e1s unidades aplicadoras seg\u00fan las necesidades del cliente y la capacidad de producci\u00f3n<\/p>\n<\/div><div class=\"eltdf-icon-list-holder\" >\n\t<div class=\"eltdf-il-icon-holder\">\n\t\t<i class=\"eltdf-icon-font-awesome fa fa-check \" style=\"color: #e99006\" ><\/i>\t<\/div>\n\t<p class=\"eltdf-il-text\" > optimizada para velocidades de 3.000 a 40.000 piezas por hora<\/p>\n<\/div><div class=\"eltdf-icon-list-holder\" >\n\t<div class=\"eltdf-il-icon-holder\">\n\t\t<i class=\"eltdf-icon-font-awesome fa fa-check \" style=\"color: #e99006\" ><\/i>\t<\/div>\n\t<p class=\"eltdf-il-text\" > se a\u00f1aden etiquetas comestibles a tubos intercambiables de pl\u00e1stico o papel<\/p>\n<\/div><div class=\"eltdf-icon-list-holder\" >\n\t<div class=\"eltdf-il-icon-holder\">\n\t\t<i class=\"eltdf-icon-font-awesome fa fa-check \" style=\"color: #e99006\" ><\/i>\t<\/div>\n\t<p class=\"eltdf-il-text\" > cada tubo puede contener entre 500 y 1.500 etiquetas comestibles<\/p>\n<\/div>[\/vc_column][\/vc_row][vc_row][vc_column]<div class=\"eltdf-elements-holder eltdf-responsive-mode-768\" ><div class=\"eltdf-eh-item eltdf-vertical-alignment-top\" data-item-class=\"eltdf-eh-custom-130452\" >\n\t<div class=\"eltdf-eh-item-inner\" >\n\t\t<div class=\"eltdf-eh-item-content eltdf-eh-custom-130452\" >\n\t\t\t[vc_raw_html]JTNDaWZyYW1lJTIwY2xhc3MlM0QlMjJjbGlja3VwLWVtYmVkJTIwY2xpY2t1cC1keW5hbWljLWhlaWdodCUyMiUyMHNyYyUzRCUyMmh0dHBzJTNBJTJGJTJGZm9ybXMuY2xpY2t1cC5jb20lMkYyMTU1MzU3JTJGZiUyRjIxcnV4LTE0NTI3JTJGTEZIMjJKTzNTSVZFS09VQ005JTIyJTIwb253aGVlbCUzRCUyMiUyMiUyMHdpZHRoJTNEJTIyMTAwJTI1JTIyJTIwaGVpZ2h0JTNEJTIyMTMwMHB4JTIyJTIwc3R5bGUlM0QlMjJiYWNrZ3JvdW5kJTNBJTIwdHJhbnNwYXJlbnQlM0IlMjBib3JkZXIlM0ElMjAwcHglM0IlMjIlM0UlM0MlMkZpZnJhbWUlM0UlM0NzY3JpcHQlMjBhc3luYyUyMHNyYyUzRCUyMmh0dHBzJTNBJTJGJTJGYXBwLWNkbi5jbGlja3VwLmNvbSUyRmFzc2V0cyUyRmpzJTJGZm9ybXMtZW1iZWQlMkZ2MS5qcyUyMiUzRSUzQyUyRnNjcmlwdCUzRQ==[\/vc_raw_html]\t\t<\/div>\n\t<\/div>\n<\/div><\/div>[\/vc_column][\/vc_row][vc_row][vc_column width=\u00bb1\/3&#8243;]<div class=\"eltdf-image-with-text-holder\">\n    <div class=\"eltdf-iwt-image\">\n                    <a itemprop=\"image\" href=\"https:\/\/bread.cz\/wp-content\/uploads\/2022\/10\/applicator_1.jpg\" data-rel=\"prettyPhoto[single_pretty_photo]\" title=\"\">\n                                    <img decoding=\"async\" width=\"1000\" height=\"800\" data-src=\"https:\/\/bread.cz\/wp-content\/uploads\/2022\/10\/applicator_1.jpg\" class=\"attachment-full size-full lazyload\" alt=\"\" data-srcset=\"https:\/\/bread.cz\/wp-content\/uploads\/2022\/10\/applicator_1.jpg 1000w, https:\/\/bread.cz\/wp-content\/uploads\/2022\/10\/applicator_1-300x240.jpg 300w, https:\/\/bread.cz\/wp-content\/uploads\/2022\/10\/applicator_1-768x614.jpg 768w\" data-sizes=\"(max-width: 1000px) 100vw, 1000px\" src=\"data:image\/gif;base64,R0lGODlhAQABAAAAACH5BAEKAAEALAAAAAABAAEAAAICTAEAOw==\" style=\"--smush-placeholder-width: 1000px; --smush-placeholder-aspect-ratio: 1000\/800;\" \/>                                <\/a>\n            <\/div>\n    <div class=\"eltdf-iwt-text-holder\">\n        \t\t            <p class=\"eltdf-iwt-text\" >aplicaci\u00f3n en la superficie de productos de panader\u00eda<\/p>\n            <\/div>\n<\/div>[\/vc_column][vc_column width=\u00bb1\/3&#8243;]<div class=\"eltdf-image-with-text-holder\">\n    <div class=\"eltdf-iwt-image\">\n                    <a itemprop=\"image\" href=\"https:\/\/bread.cz\/wp-content\/uploads\/2022\/10\/applicator_2.jpg\" data-rel=\"prettyPhoto[single_pretty_photo]\" title=\"\">\n                                    <img decoding=\"async\" width=\"1000\" height=\"800\" data-src=\"https:\/\/bread.cz\/wp-content\/uploads\/2022\/10\/applicator_2.jpg\" class=\"attachment-full size-full lazyload\" alt=\"\" data-srcset=\"https:\/\/bread.cz\/wp-content\/uploads\/2022\/10\/applicator_2.jpg 1000w, https:\/\/bread.cz\/wp-content\/uploads\/2022\/10\/applicator_2-300x240.jpg 300w, https:\/\/bread.cz\/wp-content\/uploads\/2022\/10\/applicator_2-768x614.jpg 768w\" data-sizes=\"(max-width: 1000px) 100vw, 1000px\" src=\"data:image\/gif;base64,R0lGODlhAQABAAAAACH5BAEKAAEALAAAAAABAAEAAAICTAEAOw==\" style=\"--smush-placeholder-width: 1000px; --smush-placeholder-aspect-ratio: 1000\/800;\" \/>                                <\/a>\n            <\/div>\n    <div class=\"eltdf-iwt-text-holder\">\n        \t\t            <p class=\"eltdf-iwt-text\" >aplicaci\u00f3n en el lado del pan<\/p>\n            <\/div>\n<\/div>[\/vc_column][vc_column width=\u00bb1\/3&#8243;]<div class=\"eltdf-image-with-text-holder\">\n    <div class=\"eltdf-iwt-image\">\n                    <a itemprop=\"image\" href=\"https:\/\/bread.cz\/wp-content\/uploads\/2022\/10\/applicator_3.jpg\" data-rel=\"prettyPhoto[single_pretty_photo]\" title=\"\">\n                                    <img decoding=\"async\" width=\"1000\" height=\"800\" data-src=\"https:\/\/bread.cz\/wp-content\/uploads\/2022\/10\/applicator_3.jpg\" class=\"attachment-full size-full lazyload\" alt=\"\" data-srcset=\"https:\/\/bread.cz\/wp-content\/uploads\/2022\/10\/applicator_3.jpg 1000w, https:\/\/bread.cz\/wp-content\/uploads\/2022\/10\/applicator_3-300x240.jpg 300w, https:\/\/bread.cz\/wp-content\/uploads\/2022\/10\/applicator_3-768x614.jpg 768w\" data-sizes=\"(max-width: 1000px) 100vw, 1000px\" src=\"data:image\/gif;base64,R0lGODlhAQABAAAAACH5BAEKAAEALAAAAAABAAEAAAICTAEAOw==\" style=\"--smush-placeholder-width: 1000px; --smush-placeholder-aspect-ratio: 1000\/800;\" \/>                                <\/a>\n            <\/div>\n    <div class=\"eltdf-iwt-text-holder\">\n        \t\t            <p class=\"eltdf-iwt-text\" >aplicaci\u00f3n en el fondo de la cesta de fermentaci\u00f3n<\/p>\n            <\/div>\n<\/div>[\/vc_column][\/vc_row][vc_row][vc_column][vc_empty_space height=\u00bb64px\u00bb][\/vc_column][\/vc_row]<\/p>\n","protected":false},"excerpt":{"rendered":"<p>[vc_row row_content_width=\u00bbgrid\u00bb css=\u00bb.vc_custom_1661840882110{padding-top: 25px !important;padding-bottom: 25px !important;}\u00bb][vc_column offset=\u00bbvc_col-lg-12 vc_col-md-12&#8243;][vc_empty_space height=\u00bb26px\u00bb][vc_empty_space height=\u00bb26px\u00bb][\/vc_column][\/vc_row][vc_row][vc_column][\/vc_column][\/vc_row][vc_row][vc_column width=\u00bb1\/3&#8243;][\/vc_column][vc_column width=\u00bb1\/3&#8243;][\/vc_column][vc_column width=\u00bb1\/3&#8243;][\/vc_column][\/vc_row][vc_row][vc_column][vc_empty_space height=\u00bb64px\u00bb][\/vc_column][\/vc_row]<\/p>\n","protected":false},"author":1,"featured_media":0,"parent":0,"menu_order":0,"comment_status":"closed","ping_status":"closed","template":"","meta":{"_monsterinsights_skip_tracking":false,"_monsterinsights_sitenote_active":false,"_monsterinsights_sitenote_note":"","_monsterinsights_sitenote_category":0,"footnotes":""},"class_list":["post-28937","page","type-page","status-publish","hentry"],"_links":{"self":[{"href":"https:\/\/bread.cz\/es\/wp-json\/wp\/v2\/pages\/28937","targetHints":{"allow":["GET"]}}],"collection":[{"href":"https:\/\/bread.cz\/es\/wp-json\/wp\/v2\/pages"}],"about":[{"href":"https:\/\/bread.cz\/es\/wp-json\/wp\/v2\/types\/page"}],"author":[{"embeddable":true,"href":"https:\/\/bread.cz\/es\/wp-json\/wp\/v2\/users\/1"}],"replies":[{"embeddable":true,"href":"https:\/\/bread.cz\/es\/wp-json\/wp\/v2\/comments?post=28937"}],"version-history":[{"count":4,"href":"https:\/\/bread.cz\/es\/wp-json\/wp\/v2\/pages\/28937\/revisions"}],"predecessor-version":[{"id":28945,"href":"https:\/\/bread.cz\/es\/wp-json\/wp\/v2\/pages\/28937\/revisions\/28945"}],"wp:attachment":[{"href":"https:\/\/bread.cz\/es\/wp-json\/wp\/v2\/media?parent=28937"}],"curies":[{"name":"wp","href":"https:\/\/api.w.org\/{rel}","templated":true}]}}