{"id":28900,"date":"2023-03-29T13:21:29","date_gmt":"2023-03-29T11:21:29","guid":{"rendered":"https:\/\/bread.cz\/?page_id=28900\/"},"modified":"2025-04-11T09:33:19","modified_gmt":"2025-04-11T07:33:19","slug":"contacto","status":"publish","type":"page","link":"https:\/\/bread.cz\/es\/contacto\/","title":{"rendered":"Contacto"},"content":{"rendered":"<p>[vc_row row_content_width=\u00bbgrid\u00bb css=\u00bb.vc_custom_1534756262957{padding-top: 25px !important;padding-bottom: 61px !important;}\u00bb][vc_column offset=\u00bbvc_col-lg-6 vc_col-md-12&#8243;][vc_custom_heading text=\u00bbNuestra empresa\u00bb font_container=\u00bbtag:h2|font_size:30px|text_align:left|color:%23363636|line_height:30px\u00bb google_fonts=\u00bbfont_family:Signika%3A300%2Cregular%2C600%2C700|font_style:700%20bold%20regular%3A700%3Anormal\u00bb][vc_column_text]Desde 2010 producimos etiquetas comestibles y ayudamos a las panader\u00edas con el apoyo a las ventas y el lanzamiento de nuevos productos.[\/vc_column_text][vc_empty_space height=\u00bb16px\u00bb][vc_row_inner][vc_column_inner offset=\u00bbvc_col-lg-12 vc_col-md-12&#8243;][vc_column_text]<\/p>\n<h3><strong>breAd. &amp; edible labels s.r.o.<\/strong><\/h3>\n<p>Jamnick\u00e1 66, Star\u00e9 M\u011bsto, 738 01 Fr\u00fddek-M\u00edstek[\/vc_column_text][vc_empty_space height=\u00bb12&#8243;][vc_column_text]<strong>Email:<\/strong> <a href=\"mailto:info@bread.cz\">info@bread.cz<\/a><\/p>\n<p><i class=\"eltdf-icon-widget fa fa-phone\"><\/i> CZ: +420 725 832 292<br \/>\n<i class=\"eltdf-icon-widget fa fa-phone\"><\/i> EN: +44 7575 011057<br \/>\n<i class=\"eltdf-icon-widget fa fa-phone\"><\/i> DE: +49 176 83222566\u202c[\/vc_column_text][\/vc_column_inner][\/vc_row_inner][\/vc_column][vc_column offset=\u00bbvc_col-lg-6 vc_col-md-12&#8243;][vc_empty_space height=\u00bb24 px\u00bb][vc_row_inner content_text_aligment=\u00bbright\u00bb][vc_column_inner][vc_empty_space height=\u00bb8&#8243;]\n<div class=\"wpcf7 no-js\" id=\"wpcf7-f28913-o1\" lang=\"en-US\" dir=\"ltr\" data-wpcf7-id=\"28913\">\n<div class=\"screen-reader-response\"><p role=\"status\" aria-live=\"polite\" aria-atomic=\"true\"><\/p> <ul><\/ul><\/div>\n<form action=\"\/es\/wp-json\/wp\/v2\/pages\/28900#wpcf7-f28913-o1\" method=\"post\" class=\"wpcf7-form init cf7_custom_style_1\" aria-label=\"Contact form\" novalidate=\"novalidate\" data-status=\"init\">\n<div style=\"display: none;\">\n<input type=\"hidden\" name=\"_wpcf7\" value=\"28913\" \/>\n<input type=\"hidden\" name=\"_wpcf7_version\" value=\"6.0.6\" \/>\n<input type=\"hidden\" name=\"_wpcf7_locale\" value=\"en_US\" \/>\n<input type=\"hidden\" name=\"_wpcf7_unit_tag\" value=\"wpcf7-f28913-o1\" \/>\n<input type=\"hidden\" name=\"_wpcf7_container_post\" value=\"0\" \/>\n<input type=\"hidden\" name=\"_wpcf7_posted_data_hash\" value=\"\" \/>\n<input type=\"hidden\" name=\"_wpcf7_recaptcha_response\" value=\"\" \/>\n<\/div>\n<div>\n\t<p><span class=\"wpcf7-form-control-wrap\" data-name=\"your-name\"><input size=\"40\" maxlength=\"400\" class=\"wpcf7-form-control wpcf7-text wpcf7-validates-as-required\" aria-required=\"true\" aria-invalid=\"false\" placeholder=\"Nombre\" value=\"\" type=\"text\" name=\"your-name\" \/><\/span>\n\t<\/p>\n<\/div>\n<div>\n\t<p><span class=\"wpcf7-form-control-wrap\" data-name=\"text-986\"><input size=\"40\" maxlength=\"400\" class=\"wpcf7-form-control wpcf7-text wpcf7-validates-as-required\" aria-required=\"true\" aria-invalid=\"false\" placeholder=\"Empresa\" value=\"\" type=\"text\" name=\"text-986\" \/><\/span>\n\t<\/p>\n<\/div>\n<div>\n\t<p><span class=\"wpcf7-form-control-wrap\" data-name=\"your-email\"><input size=\"40\" maxlength=\"400\" class=\"wpcf7-form-control wpcf7-email wpcf7-validates-as-required wpcf7-text wpcf7-validates-as-email\" aria-required=\"true\" aria-invalid=\"false\" placeholder=\"Email\" value=\"\" type=\"email\" name=\"your-email\" \/><\/span>\n\t<\/p>\n<\/div>\n<div>\n\t<p><span class=\"wpcf7-form-control-wrap\" data-name=\"your-message\"><textarea cols=\"40\" rows=\"3\" maxlength=\"2000\" class=\"wpcf7-form-control wpcf7-textarea\" aria-invalid=\"false\" placeholder=\"Mensaje\" name=\"your-message\"><\/textarea><\/span>\n\t<\/p>\n<\/div>\n<div>\n\n<\/div>\n<div class=\"form-footer-submit\" style=\"margin-top: 5px;\">\n\t<p><input class=\"wpcf7-form-control wpcf7-submit has-spinner\" type=\"submit\" value=\"ENVIAR\" \/>\n\t<\/p>\n<\/div>\n<style>\n#wpcf7-f1319-o2 {\n display: none;\n}\n.wpcf7-not-valid {\n border-color: red !important;\n}\n.wpcf7-response-output.wpcf7-validation-errors {\n border-color: red !important;\n}\n<\/style><p style=\"display: none !important;\" class=\"akismet-fields-container\" data-prefix=\"_wpcf7_ak_\"><label>&#916;<textarea name=\"_wpcf7_ak_hp_textarea\" cols=\"45\" rows=\"8\" maxlength=\"100\"><\/textarea><\/label><input type=\"hidden\" id=\"ak_js_1\" name=\"_wpcf7_ak_js\" value=\"115\"\/><script>document.getElementById( \"ak_js_1\" ).setAttribute( \"value\", ( new Date() ).getTime() );<\/script><\/p><div class=\"wpcf7-response-output\" aria-hidden=\"true\"><\/div>\n<\/form>\n<\/div>\n[vc_empty_space height=\u00bb50&#8243;][\/vc_column_inner][\/vc_row_inner][\/vc_column][\/vc_row][vc_row][\/vc_row]<\/p>\n","protected":false},"excerpt":{"rendered":"<p>[vc_row row_content_width=\u00bbgrid\u00bb css=\u00bb.vc_custom_1534756262957{padding-top: 25px !important;padding-bottom: 61px !important;}\u00bb][vc_column offset=\u00bbvc_col-lg-6 vc_col-md-12&#8243;][vc_custom_heading text=\u00bbNuestra empresa\u00bb font_container=\u00bbtag:h2|font_size:30px|text_align:left|color:%23363636|line_height:30px\u00bb google_fonts=\u00bbfont_family:Signika%3A300%2Cregular%2C600%2C700|font_style:700%20bold%20regular%3A700%3Anormal\u00bb][vc_column_text]Desde 2010 producimos etiquetas comestibles y ayudamos a las panader\u00edas con el apoyo a las ventas y el lanzamiento de nuevos productos.[\/vc_column_text][vc_empty_space height=\u00bb16px\u00bb][vc_row_inner][vc_column_inner offset=\u00bbvc_col-lg-12 vc_col-md-12&#8243;][vc_column_text] breAd. &amp; edible labels s.r.o. Jamnick\u00e1 66, Star\u00e9 [&hellip;]<\/p>\n","protected":false},"author":1,"featured_media":0,"parent":0,"menu_order":0,"comment_status":"closed","ping_status":"closed","template":"","meta":{"_monsterinsights_skip_tracking":false,"_monsterinsights_sitenote_active":false,"_monsterinsights_sitenote_note":"","_monsterinsights_sitenote_category":0,"footnotes":""},"class_list":["post-28900","page","type-page","status-publish","hentry"],"_links":{"self":[{"href":"https:\/\/bread.cz\/es\/wp-json\/wp\/v2\/pages\/28900","targetHints":{"allow":["GET"]}}],"collection":[{"href":"https:\/\/bread.cz\/es\/wp-json\/wp\/v2\/pages"}],"about":[{"href":"https:\/\/bread.cz\/es\/wp-json\/wp\/v2\/types\/page"}],"author":[{"embeddable":true,"href":"https:\/\/bread.cz\/es\/wp-json\/wp\/v2\/users\/1"}],"replies":[{"embeddable":true,"href":"https:\/\/bread.cz\/es\/wp-json\/wp\/v2\/comments?post=28900"}],"version-history":[{"count":5,"href":"https:\/\/bread.cz\/es\/wp-json\/wp\/v2\/pages\/28900\/revisions"}],"predecessor-version":[{"id":41760,"href":"https:\/\/bread.cz\/es\/wp-json\/wp\/v2\/pages\/28900\/revisions\/41760"}],"wp:attachment":[{"href":"https:\/\/bread.cz\/es\/wp-json\/wp\/v2\/media?parent=28900"}],"curies":[{"name":"wp","href":"https:\/\/api.w.org\/{rel}","templated":true}]}}