{"id":28892,"date":"2023-03-29T12:49:05","date_gmt":"2023-03-29T10:49:05","guid":{"rendered":"https:\/\/bread.cz\/?page_id=28892\/"},"modified":"2026-04-22T13:21:58","modified_gmt":"2026-04-22T11:21:58","slug":"certificados","status":"publish","type":"page","link":"https:\/\/bread.cz\/es\/certificados\/","title":{"rendered":"Certificados"},"content":{"rendered":"<p>[vc_section css=\u00bb.vc_custom_1534767948341{background-color: #ffffff !important;}\u00bb][vc_row row_content_width=\u00bbgrid\u00bb css=\u00bb.vc_custom_1534767627777{background-color: #ffffff !important;}\u00bb][vc_column]<div class=\"eltdf-elements-holder eltdf-responsive-mode-768\" ><div class=\"eltdf-eh-item eltdf-horizontal-alignment-center\" data-item-class=\"eltdf-eh-custom-423410\" >\n\t<div class=\"eltdf-eh-item-inner\" >\n\t\t<div class=\"eltdf-eh-item-content eltdf-eh-custom-423410\" >\n\t\t\t[vc_column_text]<\/p>\n<p style=\"text-align: left;\"><strong>breAd. &amp; edible labels<\/strong> fabrica sus productos en m\u00e1quinas innovadoras con las normas de higiene m\u00e1s estrictas. El resultado son productos de alta calidad que luego suministramos a los mercados mundiales.<\/p>\n<p>[\/vc_column_text]\t\t<\/div>\n\t<\/div>\n<\/div><\/div>[\/vc_column][\/vc_row][\/vc_section][vc_section css=\u00bb.vc_custom_1645006885108{margin-bottom: 0px !important;background-color: #ffffff !important;}\u00bb][vc_row row_content_width=\u00bbgrid\u00bb css=\u00bb.vc_custom_1534767627777{background-color: #ffffff !important;}\u00bb][vc_column width=\u00bb1\/4&#8243;]<div class=\"eltdf-elements-holder eltdf-responsive-mode-768\" ><div class=\"eltdf-eh-item eltdf-horizontal-alignment-center\" data-item-class=\"eltdf-eh-custom-714851\" >\n\t<div class=\"eltdf-eh-item-inner\" >\n\t\t<div class=\"eltdf-eh-item-content eltdf-eh-custom-714851\" >\n\t\t\t[vc_single_image image=\u00bb19053&#8243; img_size=\u00bbfull\u00bb][vc_single_image image=\u00bb19096&#8243; img_size=\u00bbfull\u00bb]\t\t<\/div>\n\t<\/div>\n<\/div><\/div>[\/vc_column][vc_column width=\u00bb3\/4&#8243;]<div class=\"eltdf-elements-holder eltdf-responsive-mode-768\" ><div class=\"eltdf-eh-item eltdf-horizontal-alignment-center\" data-item-class=\"eltdf-eh-custom-968967\" >\n\t<div class=\"eltdf-eh-item-inner\" >\n\t\t<div class=\"eltdf-eh-item-content eltdf-eh-custom-968967\" >\n\t\t\t[vc_column_text]<\/p>\n<p style=\"text-align: left;\">Los alimentos ecol\u00f3gicos son alimentos elaborados a partir de bioproductos, es decir, productos de la agricultura ecol\u00f3gica controlada, que es una forma muy progresista de cultivar con una relaci\u00f3n positiva con el suelo, las plantas, los animales y la naturaleza, sin utilizar fertilizantes artificiales, productos qu\u00edmicos, pulverizadores, hormonas ni sustancias artificiales.<\/p>\n<p><strong>Desc\u00e1rguela aqu\u00ed: <a href=\"https:\/\/bread.cz\/wp-content\/uploads\/2026\/04\/BIO-certifikat-CZ_AJ_2026_2027.pdf\" target=\"_blank\" rel=\"noopener\">Certificado KEZ<\/a><\/strong>[\/vc_column_text]\t\t<\/div>\n\t<\/div>\n<\/div><\/div>[\/vc_column][\/vc_row][\/vc_section][vc_section css=\u00bb.vc_custom_1612342929778{margin-bottom: 100px !important;background-color: #ffffff !important;}\u00bb][vc_row row_content_width=\u00bbgrid\u00bb css=\u00bb.vc_custom_1534767627777{background-color: #ffffff !important;}\u00bb][vc_column width=\u00bb1\/4&#8243;]<div class=\"eltdf-elements-holder eltdf-responsive-mode-768\" ><div class=\"eltdf-eh-item eltdf-horizontal-alignment-center\" data-item-class=\"eltdf-eh-custom-868045\" >\n\t<div class=\"eltdf-eh-item-inner\" >\n\t\t<div class=\"eltdf-eh-item-content eltdf-eh-custom-868045\" >\n\t\t\t[vc_single_image image=\u00bb21610&#8243; img_size=\u00bb\u00bb alignment=\u00bbcenter\u00bb]\t\t<\/div>\n\t<\/div>\n<\/div><\/div>[\/vc_column][vc_column width=\u00bb3\/4&#8243;]<div class=\"eltdf-elements-holder eltdf-responsive-mode-768\" ><div class=\"eltdf-eh-item eltdf-horizontal-alignment-center\" data-item-class=\"eltdf-eh-custom-838044\" >\n\t<div class=\"eltdf-eh-item-inner\" >\n\t\t<div class=\"eltdf-eh-item-content eltdf-eh-custom-838044\" >\n\t\t\t[vc_column_text]<\/p>\n<p style=\"text-align: left;\">Las normas mundiales <strong>BRC<\/strong> garantizan la fiabilidad de toda la cadena de suministro normalizando los requisitos de calidad, seguridad y funcionamiento. Establecen los criterios para unas pr\u00e1cticas de fabricaci\u00f3n excelentes, dando a los clientes la garant\u00eda de que los productos son seguros, de alta calidad y conformes.<\/p>\n<p><strong>Desc\u00e1rguela aqu\u00ed: <a href=\"https:\/\/bread.cz\/wp-content\/uploads\/2022\/11\/00034266-BRC-ENGUS-UKAS.PDF\" target=\"_blank\" rel=\"noopener\">Certificado BRC<\/a><\/strong>[\/vc_column_text]\t\t<\/div>\n\t<\/div>\n<\/div><\/div>[\/vc_column][\/vc_row][\/vc_section]<\/p>\n","protected":false},"excerpt":{"rendered":"<p>[vc_section css=\u00bb.vc_custom_1534767948341{background-color: #ffffff !important;}\u00bb][vc_row row_content_width=\u00bbgrid\u00bb css=\u00bb.vc_custom_1534767627777{background-color: #ffffff !important;}\u00bb][vc_column][\/vc_column][\/vc_row][\/vc_section][vc_section css=\u00bb.vc_custom_1645006885108{margin-bottom: 0px !important;background-color: #ffffff !important;}\u00bb][vc_row row_content_width=\u00bbgrid\u00bb css=\u00bb.vc_custom_1534767627777{background-color: #ffffff !important;}\u00bb][vc_column width=\u00bb1\/4&#8243;][\/vc_column][vc_column width=\u00bb3\/4&#8243;][\/vc_column][\/vc_row][\/vc_section][vc_section css=\u00bb.vc_custom_1612342929778{margin-bottom: 100px !important;background-color: #ffffff !important;}\u00bb][vc_row row_content_width=\u00bbgrid\u00bb css=\u00bb.vc_custom_1534767627777{background-color: #ffffff !important;}\u00bb][vc_column width=\u00bb1\/4&#8243;][\/vc_column][vc_column width=\u00bb3\/4&#8243;][\/vc_column][\/vc_row][\/vc_section]<\/p>\n","protected":false},"author":1,"featured_media":0,"parent":0,"menu_order":0,"comment_status":"closed","ping_status":"closed","template":"full-width.php","meta":{"_monsterinsights_skip_tracking":false,"_monsterinsights_sitenote_active":false,"_monsterinsights_sitenote_note":"","_monsterinsights_sitenote_category":0,"footnotes":""},"class_list":["post-28892","page","type-page","status-publish","hentry"],"_links":{"self":[{"href":"https:\/\/bread.cz\/es\/wp-json\/wp\/v2\/pages\/28892","targetHints":{"allow":["GET"]}}],"collection":[{"href":"https:\/\/bread.cz\/es\/wp-json\/wp\/v2\/pages"}],"about":[{"href":"https:\/\/bread.cz\/es\/wp-json\/wp\/v2\/types\/page"}],"author":[{"embeddable":true,"href":"https:\/\/bread.cz\/es\/wp-json\/wp\/v2\/users\/1"}],"replies":[{"embeddable":true,"href":"https:\/\/bread.cz\/es\/wp-json\/wp\/v2\/comments?post=28892"}],"version-history":[{"count":7,"href":"https:\/\/bread.cz\/es\/wp-json\/wp\/v2\/pages\/28892\/revisions"}],"predecessor-version":[{"id":54136,"href":"https:\/\/bread.cz\/es\/wp-json\/wp\/v2\/pages\/28892\/revisions\/54136"}],"wp:attachment":[{"href":"https:\/\/bread.cz\/es\/wp-json\/wp\/v2\/media?parent=28892"}],"curies":[{"name":"wp","href":"https:\/\/api.w.org\/{rel}","templated":true}]}}