{"id":28882,"date":"2023-03-29T12:18:47","date_gmt":"2023-03-29T10:18:47","guid":{"rendered":"https:\/\/bread.cz\/?page_id=28882\/"},"modified":"2023-08-10T08:44:57","modified_gmt":"2023-08-10T06:44:57","slug":"muestras-gratuitas","status":"publish","type":"page","link":"https:\/\/bread.cz\/es\/muestras-gratuitas\/","title":{"rendered":"Muestras gratuitas"},"content":{"rendered":"<p>[vc_section css=\u00bb.vc_custom_1534767948341{background-color: #ffffff !important;}\u00bb][vc_row row_content_width=\u00bbgrid\u00bb css=\u00bb.vc_custom_1534767627777{background-color: #ffffff !important;}\u00bb][vc_column]<div class=\"eltdf-elements-holder eltdf-responsive-mode-768\" ><div class=\"eltdf-eh-item eltdf-horizontal-alignment-center\" data-item-class=\"eltdf-eh-custom-380046\" >\n\t<div class=\"eltdf-eh-item-inner\" >\n\t\t<div class=\"eltdf-eh-item-content eltdf-eh-custom-380046\" >\n\t\t\t<div class=\"eltdf-section-title-holder\" >\n\t\t\t<h2 class=\"eltdf-st-title\" >\n\t\t\t<span>Muestras de etiquetas comestibles personalizadas<\/span>\n\t\t<\/h2>\n\t\t\t\t<h5 class=\"eltdf-st-text\" >La mejor manera de empezar a utilizar etiquetas comestibles es probarlas, ver el resultado y evaluar los comentarios de los dem\u00e1s. Podemos proporcionarle etiquetas comestibles personalizadas con su logotipo, marca o cualquier otro dise\u00f1o, con el \u00fanico coste del env\u00edo. La preparaci\u00f3n del dise\u00f1o de la etiqueta es gratuita. S\u00f3lo necesitamos lo que usted desee, como el nombre del producto, el dise\u00f1o de la nueva marca, una frase informativa, etc. No dude en solicitarnos etiquetas comestibles personalizadas a trav\u00e9s del siguiente formulario de contacto.<\/h5>\n\t<\/div>\t\t<\/div>\n\t<\/div>\n<\/div><\/div>[\/vc_column][\/vc_row][\/vc_section][vc_row css=\u00bb.vc_custom_1534767495571{background-color: #ffffff !important;}\u00bb][vc_column width=\u00bb1\/3&#8243;][\/vc_column][vc_column width=\u00bb1\/3&#8243;][vc_raw_html]JTNDaWZyYW1lJTIwY2xhc3MlM0QlMjJjbGlja3VwLWVtYmVkJTIwY2xpY2t1cC1keW5hbWljLWhlaWdodCUyMiUyMHNyYyUzRCUyMmh0dHBzJTNBJTJGJTJGZm9ybXMuY2xpY2t1cC5jb20lMkYyMTU1MzU3JTJGZiUyRjIxcnV4LTIwMjYxJTJGOEY1WjZSUkJNTDhaN0VMQVZFJTIyJTIwb253aGVlbCUzRCUyMiUyMiUyMHdpZHRoJTNEJTIyMTAwJTI1JTIyJTIwaGVpZ2h0JTNEJTIyMTMwMHB4JTIyJTIwc3R5bGUlM0QlMjJiYWNrZ3JvdW5kJTNBJTIwdHJhbnNwYXJlbnQlM0IlMjBib3JkZXIlM0ElMjAwcHglM0IlMjIlM0UlM0MlMkZpZnJhbWUlM0UlM0NzY3JpcHQlMjBhc3luYyUyMHNyYyUzRCUyMmh0dHBzJTNBJTJGJTJGYXBwLWNkbi5jbGlja3VwLmNvbSUyRmFzc2V0cyUyRmpzJTJGZm9ybXMtZW1iZWQlMkZ2MS5qcyUyMiUzRSUzQyUyRnNjcmlwdCUzRQ==[\/vc_raw_html][\/vc_column][vc_column width=\u00bb1\/3&#8243;][\/vc_column][\/vc_row][vc_row][vc_column]<div class=\"eltdf-separator-holder clearfix  eltdf-separator-center eltdf-separator-normal\">\n\t<div class=\"eltdf-separator\" style=\"margin-top: 20px;margin-bottom: 20px\"><\/div>\n<\/div>\n[\/vc_column][\/vc_row][vc_row el_class=\u00bbelated-custom-button-class\u00bb css=\u00bb.vc_custom_1614970815673{background-color: #f5f1ee !important;}\u00bb][vc_column css=\u00bb.vc_custom_1474296714333{padding-top: 0px !important;}\u00bb][vc_row_inner css=\u00bb.vc_custom_1614970866223{margin-right: 0px !important;margin-left: 0px !important;padding-bottom: 0px !important;background-color: #f7f4f0 !important;}\u00bb][vc_column_inner offset=\u00bbvc_col-lg-3 vc_col-md-12&#8243; css=\u00bb.vc_custom_1534324555505{padding-top: 0px !important;padding-right: 0px !important;padding-bottom: 0px !important;padding-left: 0px !important;}\u00bb]<div class=\"eltdf-elements-holder eltdf-responsive-mode-768\" ><div class=\"eltdf-eh-item \" data-item-class=\"eltdf-eh-custom-983425\" data-1280-1600=\"5% 15% 5% 15%\" data-1024-1280=\"5% 15% 5% 15%\" data-480=\"0px 35px 0px 25px\" >\n\t<div class=\"eltdf-eh-item-inner\" style=\"background-color: #f7f4f0\">\n\t\t<div class=\"eltdf-eh-item-content eltdf-eh-custom-983425\" style=\"padding: 5% 15% 5% 15%\">\n\t\t\t[vc_column_text]<\/p>\n<h3>Nuestra galer\u00eda<\/h3>\n<p>[\/vc_column_text][vc_empty_space height=\u00bb7&#8243;][vc_column_text]Vea nuestra galer\u00eda con ejemplos de muchos tipos de etiquetas aplicadas a una amplia gama de productos de panader\u00eda.[\/vc_column_text][vc_empty_space height=\u00bb17&#8243;]<a itemprop=\"url\" href=\"https:\/\/bread.cz\/en\/gallery\/\" target=\"_self\" style=\"font-size: 13px;font-weight: 700;text-transform: uppercase\" class=\"eltdf-btn eltdf-btn-medium eltdf-btn-simple eltdf-btn-custom-hover-color eltdf-btn-animation\" data-hover-color=\"#e59b4f\" >\n    <span class=\"eltdf-btn-text\">\n    VER TODOS        \t<span class=\"eltdf-btn-bottom-line\"><\/span>\n    \t<span class=\"eltdf-btn-upper-line\"><\/span>\n        <\/span>\n    <\/a>\t\t<\/div>\n\t<\/div>\n<\/div><\/div>[\/vc_column_inner][vc_column_inner css=\u00bb.vc_custom_1483540852828{padding-top: 0px !important;padding-right: 0px !important;padding-bottom: 0px !important;padding-left: 0px !important;}\u00bb offset=\u00bbvc_col-lg-9 vc_col-md-12&#8243;]<div class=\"eltdf-image-gallery\">\n\t<div class=\"eltdf-ig-slider \" data-number-of-visible-items=\"3\" data-autoplay=\"3\" data-animation=\"slide\" data-navigation=\"no\" data-pagination=\"no\">\n\t\t\t\t\t\t<a class=\"eltdf-ig-lightbox\" href=\"https:\/\/bread.cz\/wp-content\/uploads\/2021\/01\/bubner_bread.jpg\" data-rel=\"prettyPhoto[single_pretty_photo]\" title=\"bubner_bread\">\n\t\t\t\t\t\t\t\t\t\t\t\t<img decoding=\"async\" width=\"1000\" height=\"800\" data-src=\"https:\/\/bread.cz\/wp-content\/uploads\/2021\/01\/bubner_bread.jpg\" class=\"attachment-full size-full lazyload\" alt=\"\" data-srcset=\"https:\/\/bread.cz\/wp-content\/uploads\/2021\/01\/bubner_bread.jpg 1000w, https:\/\/bread.cz\/wp-content\/uploads\/2021\/01\/bubner_bread-300x240.jpg 300w, https:\/\/bread.cz\/wp-content\/uploads\/2021\/01\/bubner_bread-768x614.jpg 768w\" data-sizes=\"(max-width: 1000px) 100vw, 1000px\" src=\"data:image\/gif;base64,R0lGODlhAQABAAAAACH5BAEKAAEALAAAAAABAAEAAAICTAEAOw==\" style=\"--smush-placeholder-width: 1000px; --smush-placeholder-aspect-ratio: 1000\/800;\" \/>\t\t\t\t\t\t\t\t\t\t\t<div class=\"eltdf-image-gallery-overlay\"><\/div>\n\t\t\t\t<\/a>\n\t\t\t\t\t\t\t<a class=\"eltdf-ig-lightbox\" href=\"https:\/\/bread.cz\/wp-content\/uploads\/2018\/08\/ceres-1.jpg\" data-rel=\"prettyPhoto[single_pretty_photo]\" title=\"ceres\">\n\t\t\t\t\t\t\t\t\t\t\t\t<img decoding=\"async\" width=\"1000\" height=\"800\" data-src=\"https:\/\/bread.cz\/wp-content\/uploads\/2018\/08\/ceres-1.jpg\" class=\"attachment-full size-full lazyload\" alt=\"\" data-srcset=\"https:\/\/bread.cz\/wp-content\/uploads\/2018\/08\/ceres-1.jpg 1000w, https:\/\/bread.cz\/wp-content\/uploads\/2018\/08\/ceres-1-300x240.jpg 300w, https:\/\/bread.cz\/wp-content\/uploads\/2018\/08\/ceres-1-768x614.jpg 768w\" data-sizes=\"(max-width: 1000px) 100vw, 1000px\" src=\"data:image\/gif;base64,R0lGODlhAQABAAAAACH5BAEKAAEALAAAAAABAAEAAAICTAEAOw==\" style=\"--smush-placeholder-width: 1000px; --smush-placeholder-aspect-ratio: 1000\/800;\" \/>\t\t\t\t\t\t\t\t\t\t\t<div class=\"eltdf-image-gallery-overlay\"><\/div>\n\t\t\t\t<\/a>\n\t\t\t\t\t\t\t<a class=\"eltdf-ig-lightbox\" href=\"https:\/\/bread.cz\/wp-content\/uploads\/2018\/08\/cvrcovice-1.jpg\" data-rel=\"prettyPhoto[single_pretty_photo]\" title=\"cvrcovice\">\n\t\t\t\t\t\t\t\t\t\t\t\t<img decoding=\"async\" width=\"1000\" height=\"800\" data-src=\"https:\/\/bread.cz\/wp-content\/uploads\/2018\/08\/cvrcovice-1.jpg\" class=\"attachment-full size-full lazyload\" alt=\"\" data-srcset=\"https:\/\/bread.cz\/wp-content\/uploads\/2018\/08\/cvrcovice-1.jpg 1000w, https:\/\/bread.cz\/wp-content\/uploads\/2018\/08\/cvrcovice-1-300x240.jpg 300w, https:\/\/bread.cz\/wp-content\/uploads\/2018\/08\/cvrcovice-1-768x614.jpg 768w\" data-sizes=\"(max-width: 1000px) 100vw, 1000px\" src=\"data:image\/gif;base64,R0lGODlhAQABAAAAACH5BAEKAAEALAAAAAABAAEAAAICTAEAOw==\" style=\"--smush-placeholder-width: 1000px; --smush-placeholder-aspect-ratio: 1000\/800;\" \/>\t\t\t\t\t\t\t\t\t\t\t<div class=\"eltdf-image-gallery-overlay\"><\/div>\n\t\t\t\t<\/a>\n\t\t\t\t\t\t\t<a class=\"eltdf-ig-lightbox\" href=\"https:\/\/bread.cz\/wp-content\/uploads\/2018\/08\/nopal-1.jpg\" data-rel=\"prettyPhoto[single_pretty_photo]\" title=\"nopal\">\n\t\t\t\t\t\t\t\t\t\t\t\t<img decoding=\"async\" width=\"1000\" height=\"800\" data-src=\"https:\/\/bread.cz\/wp-content\/uploads\/2018\/08\/nopal-1.jpg\" class=\"attachment-full size-full lazyload\" alt=\"\" data-srcset=\"https:\/\/bread.cz\/wp-content\/uploads\/2018\/08\/nopal-1.jpg 1000w, https:\/\/bread.cz\/wp-content\/uploads\/2018\/08\/nopal-1-300x240.jpg 300w, https:\/\/bread.cz\/wp-content\/uploads\/2018\/08\/nopal-1-768x614.jpg 768w\" data-sizes=\"(max-width: 1000px) 100vw, 1000px\" src=\"data:image\/gif;base64,R0lGODlhAQABAAAAACH5BAEKAAEALAAAAAABAAEAAAICTAEAOw==\" style=\"--smush-placeholder-width: 1000px; --smush-placeholder-aspect-ratio: 1000\/800;\" \/>\t\t\t\t\t\t\t\t\t\t\t<div class=\"eltdf-image-gallery-overlay\"><\/div>\n\t\t\t\t<\/a>\n\t\t\t\t\t\t\t<a class=\"eltdf-ig-lightbox\" href=\"https:\/\/bread.cz\/wp-content\/uploads\/2018\/08\/spaldik-1.jpg\" data-rel=\"prettyPhoto[single_pretty_photo]\" title=\"spaldik\">\n\t\t\t\t\t\t\t\t\t\t\t\t<img decoding=\"async\" width=\"1000\" height=\"800\" data-src=\"https:\/\/bread.cz\/wp-content\/uploads\/2018\/08\/spaldik-1.jpg\" class=\"attachment-full size-full lazyload\" alt=\"\" data-srcset=\"https:\/\/bread.cz\/wp-content\/uploads\/2018\/08\/spaldik-1.jpg 1000w, https:\/\/bread.cz\/wp-content\/uploads\/2018\/08\/spaldik-1-300x240.jpg 300w, https:\/\/bread.cz\/wp-content\/uploads\/2018\/08\/spaldik-1-768x614.jpg 768w\" data-sizes=\"(max-width: 1000px) 100vw, 1000px\" src=\"data:image\/gif;base64,R0lGODlhAQABAAAAACH5BAEKAAEALAAAAAABAAEAAAICTAEAOw==\" style=\"--smush-placeholder-width: 1000px; --smush-placeholder-aspect-ratio: 1000\/800;\" \/>\t\t\t\t\t\t\t\t\t\t\t<div class=\"eltdf-image-gallery-overlay\"><\/div>\n\t\t\t\t<\/a>\n\t\t\t\t<\/div>\n<\/div>[\/vc_column_inner][\/vc_row_inner][\/vc_column][\/vc_row]<\/p>\n","protected":false},"excerpt":{"rendered":"<p>[vc_section css=\u00bb.vc_custom_1534767948341{background-color: #ffffff !important;}\u00bb][vc_row row_content_width=\u00bbgrid\u00bb css=\u00bb.vc_custom_1534767627777{background-color: #ffffff !important;}\u00bb][vc_column][\/vc_column][\/vc_row][\/vc_section][vc_row css=\u00bb.vc_custom_1534767495571{background-color: #ffffff !important;}\u00bb][vc_column width=\u00bb1\/3&#8243;][\/vc_column][vc_column width=\u00bb1\/3&#8243;][vc_raw_html]JTNDaWZyYW1lJTIwY2xhc3MlM0QlMjJjbGlja3VwLWVtYmVkJTIwY2xpY2t1cC1keW5hbWljLWhlaWdodCUyMiUyMHNyYyUzRCUyMmh0dHBzJTNBJTJGJTJGZm9ybXMuY2xpY2t1cC5jb20lMkYyMTU1MzU3JTJGZiUyRjIxcnV4LTIwMjYxJTJGOEY1WjZSUkJNTDhaN0VMQVZFJTIyJTIwb253aGVlbCUzRCUyMiUyMiUyMHdpZHRoJTNEJTIyMTAwJTI1JTIyJTIwaGVpZ2h0JTNEJTIyMTMwMHB4JTIyJTIwc3R5bGUlM0QlMjJiYWNrZ3JvdW5kJTNBJTIwdHJhbnNwYXJlbnQlM0IlMjBib3JkZXIlM0ElMjAwcHglM0IlMjIlM0UlM0MlMkZpZnJhbWUlM0UlM0NzY3JpcHQlMjBhc3luYyUyMHNyYyUzRCUyMmh0dHBzJTNBJTJGJTJGYXBwLWNkbi5jbGlja3VwLmNvbSUyRmFzc2V0cyUyRmpzJTJGZm9ybXMtZW1iZWQlMkZ2MS5qcyUyMiUzRSUzQyUyRnNjcmlwdCUzRQ==[\/vc_raw_html][\/vc_column][vc_column width=\u00bb1\/3&#8243;][\/vc_column][\/vc_row][vc_row][vc_column][\/vc_column][\/vc_row][vc_row el_class=\u00bbelated-custom-button-class\u00bb css=\u00bb.vc_custom_1614970815673{background-color: #f5f1ee !important;}\u00bb][vc_column css=\u00bb.vc_custom_1474296714333{padding-top: 0px !important;}\u00bb][vc_row_inner css=\u00bb.vc_custom_1614970866223{margin-right: 0px !important;margin-left: 0px !important;padding-bottom: 0px !important;background-color: #f7f4f0 !important;}\u00bb][vc_column_inner offset=\u00bbvc_col-lg-3 vc_col-md-12&#8243; css=\u00bb.vc_custom_1534324555505{padding-top: 0px !important;padding-right: 0px !important;padding-bottom: 0px !important;padding-left: 0px !important;}\u00bb][\/vc_column_inner][vc_column_inner css=\u00bb.vc_custom_1483540852828{padding-top: 0px !important;padding-right: 0px [&hellip;]<\/p>\n","protected":false},"author":1,"featured_media":0,"parent":0,"menu_order":0,"comment_status":"closed","ping_status":"closed","template":"full-width.php","meta":{"_monsterinsights_skip_tracking":false,"_monsterinsights_sitenote_active":false,"_monsterinsights_sitenote_note":"","_monsterinsights_sitenote_category":0,"footnotes":""},"class_list":["post-28882","page","type-page","status-publish","hentry"],"_links":{"self":[{"href":"https:\/\/bread.cz\/es\/wp-json\/wp\/v2\/pages\/28882","targetHints":{"allow":["GET"]}}],"collection":[{"href":"https:\/\/bread.cz\/es\/wp-json\/wp\/v2\/pages"}],"about":[{"href":"https:\/\/bread.cz\/es\/wp-json\/wp\/v2\/types\/page"}],"author":[{"embeddable":true,"href":"https:\/\/bread.cz\/es\/wp-json\/wp\/v2\/users\/1"}],"replies":[{"embeddable":true,"href":"https:\/\/bread.cz\/es\/wp-json\/wp\/v2\/comments?post=28882"}],"version-history":[{"count":6,"href":"https:\/\/bread.cz\/es\/wp-json\/wp\/v2\/pages\/28882\/revisions"}],"predecessor-version":[{"id":35074,"href":"https:\/\/bread.cz\/es\/wp-json\/wp\/v2\/pages\/28882\/revisions\/35074"}],"wp:attachment":[{"href":"https:\/\/bread.cz\/es\/wp-json\/wp\/v2\/media?parent=28882"}],"curies":[{"name":"wp","href":"https:\/\/api.w.org\/{rel}","templated":true}]}}