{"id":25116,"date":"2022-08-25T14:34:53","date_gmt":"2022-08-25T12:34:53","guid":{"rendered":"https:\/\/bread.cz\/impressum\/"},"modified":"2022-08-29T08:30:50","modified_gmt":"2022-08-29T06:30:50","slug":"impressum","status":"publish","type":"page","link":"https:\/\/bread.cz\/en\/impressum\/","title":{"rendered":"Impressum"},"content":{"rendered":"<p>[vc_row row_content_width=&#8221;grid&#8221; css=&#8221;.vc_custom_1534756262957{padding-top: 25px !important;padding-bottom: 61px !important;}&#8221;][vc_column offset=&#8221;vc_col-lg-12 vc_col-md-12&#8243;][vc_custom_heading text=&#8221;breAd. &amp; edible labels s.r.o.&#8221; font_container=&#8221;tag:h2|font_size:30px|text_align:left|color:%23363636|line_height:30px&#8221; google_fonts=&#8221;font_family:Signika%3A300%2Cregular%2C600%2C700|font_style:700%20bold%20regular%3A700%3Anormal&#8221;][vc_column_text]The company is registered in the Commercial Register maintained by the Regional Court in Ostrava, Section C, Insert 56233[\/vc_column_text][vc_empty_space height=&#8221;16px&#8221;][vc_row_inner][vc_column_inner offset=&#8221;vc_col-lg-12 vc_col-md-12&#8243;][vc_column_text]<\/p>\n<h4><strong>breAd. &amp; edible labels s.r.o.<\/strong><\/h4>\n<p>[\/vc_column_text][vc_empty_space height=&#8221;6&#8243;][vc_column_text]Jamnick\u00e1 66, Star\u00e9 M\u011bsto<br \/>\n738 01 Fr\u00fddek-M\u00edstek<\/p>\n<p><strong>Phone<\/strong>: +420 775\u00a0445\u00a0511<br \/>\n<strong>Email<\/strong>:\u00a0<a href=\"mailto:info@bread.cz\">info@bread.cz<\/a><br \/>\n<strong>VAT number<\/strong>: CZ28815084[\/vc_column_text][\/vc_column_inner][\/vc_row_inner][\/vc_column][\/vc_row]<\/p>\n","protected":false},"excerpt":{"rendered":"<p>[vc_row row_content_width=&#8221;grid&#8221; css=&#8221;.vc_custom_1534756262957{padding-top: 25px !important;padding-bottom: 61px !important;}&#8221;][vc_column offset=&#8221;vc_col-lg-12 vc_col-md-12&#8243;][vc_custom_heading text=&#8221;breAd. &amp; edible labels s.r.o.&#8221; font_container=&#8221;tag:h2|font_size:30px|text_align:left|color:%23363636|line_height:30px&#8221; google_fonts=&#8221;font_family:Signika%3A300%2Cregular%2C600%2C700|font_style:700%20bold%20regular%3A700%3Anormal&#8221;][vc_column_text]The company is registered in the Commercial Register maintained by the Regional Court in Ostrava, Section C, Insert 56233[\/vc_column_text][vc_empty_space height=&#8221;16px&#8221;][vc_row_inner][vc_column_inner offset=&#8221;vc_col-lg-12 vc_col-md-12&#8243;][vc_column_text] breAd. &amp; edible labels s.r.o. [\/vc_column_text][vc_empty_space height=&#8221;6&#8243;][vc_column_text]Jamnick\u00e1 66, [&hellip;]<\/p>\n","protected":false},"author":1,"featured_media":0,"parent":0,"menu_order":0,"comment_status":"closed","ping_status":"closed","template":"","meta":{"_monsterinsights_skip_tracking":false,"_monsterinsights_sitenote_active":false,"_monsterinsights_sitenote_note":"","_monsterinsights_sitenote_category":0,"footnotes":""},"class_list":["post-25116","page","type-page","status-publish","hentry"],"_links":{"self":[{"href":"https:\/\/bread.cz\/en\/wp-json\/wp\/v2\/pages\/25116","targetHints":{"allow":["GET"]}}],"collection":[{"href":"https:\/\/bread.cz\/en\/wp-json\/wp\/v2\/pages"}],"about":[{"href":"https:\/\/bread.cz\/en\/wp-json\/wp\/v2\/types\/page"}],"author":[{"embeddable":true,"href":"https:\/\/bread.cz\/en\/wp-json\/wp\/v2\/users\/1"}],"replies":[{"embeddable":true,"href":"https:\/\/bread.cz\/en\/wp-json\/wp\/v2\/comments?post=25116"}],"version-history":[{"count":2,"href":"https:\/\/bread.cz\/en\/wp-json\/wp\/v2\/pages\/25116\/revisions"}],"predecessor-version":[{"id":25118,"href":"https:\/\/bread.cz\/en\/wp-json\/wp\/v2\/pages\/25116\/revisions\/25118"}],"wp:attachment":[{"href":"https:\/\/bread.cz\/en\/wp-json\/wp\/v2\/media?parent=25116"}],"curies":[{"name":"wp","href":"https:\/\/api.w.org\/{rel}","templated":true}]}}