{"id":21365,"date":"2021-11-25T09:53:20","date_gmt":"2021-11-25T08:53:20","guid":{"rendered":"https:\/\/bread.cz\/projekty-eu\/"},"modified":"2025-09-26T10:42:02","modified_gmt":"2025-09-26T08:42:02","slug":"grant-projects","status":"publish","type":"page","link":"https:\/\/bread.cz\/en\/grant-projects\/","title":{"rendered":"Grant projects"},"content":{"rendered":"<p>[vc_section css=&#8221;.vc_custom_1534767948341{background-color: #ffffff !important;}&#8221;][vc_row row_content_width=&#8221;grid&#8221; css=&#8221;.vc_custom_1697200044541{margin-bottom: 20px !important;background-color: #ffffff !important;}&#8221;][vc_column]<div class=\"eltdf-tabs eltdf-horizontal-tab clearfix\">\n\t<ul class=\"eltdf-tabs-nav clearfix\">\n\t\t\t\t\t<li>\n\t\t\t\t\t\t\t\t\t<a href=\"#tab-podpora-exportu-ucasti-na-vybranych-veletrzich\">Podpora exportu \u00fa\u010dast\u00ed na vybran\u00fdch veletrz\u00edch<\/a>\n\t\t\t\t\t\t\t <\/li>\n\t\t\t\t\t<li>\n\t\t\t\t\t\t\t\t\t<a href=\"#tab-prihlaska-vynalezu\">P\u0159ihl\u00e1\u0161ka vyn\u00e1lezu<\/a>\n\t\t\t\t\t\t\t <\/li>\n\t\t\t\t\t<li>\n\t\t\t\t\t\t\t\t\t<a href=\"#tab-zahranicni-prezentace-spolecnosti-bread-edible-labels-s-r-o\">Zahrani\u010dn\u00ed prezentace spole\u010dnosti breAd. &amp; edible labels s.r.o.<\/a>\n\t\t\t\t\t\t\t <\/li>\n\t\t\t\t\t<li>\n\t\t\t\t\t\t\t\t\t<a href=\"#tab-technologie-xiii\">Technologie XIII<\/a>\n\t\t\t\t\t\t\t <\/li>\n\t\t\t\t\t<li>\n\t\t\t\t\t\t\t\t\t<a href=\"#tab-podpora-spolecnosti-bread-edible-labels-s-r-o-na-zahranicnich-veletrzich\">Podpora spole\u010dnosti breAd. &amp; edible labels s.r.o. na zahrani\u010dn\u00edch veletrz\u00edch<\/a>\n\t\t\t\t\t\t\t <\/li>\n\t\t\t\t\t<li>\n\t\t\t\t\t\t\t\t\t<a href=\"#tab-porizeni-technologii-spolecnosti-bread-edible-labels\">Po\u0159\u00edzen\u00ed technologi\u00ed spole\u010dnost\u00ed breAd. &amp; edible labels<\/a>\n\t\t\t\t\t\t\t <\/li>\n\t\t\t\t\t<li>\n\t\t\t\t\t\t\t\t\t<a href=\"#tab-bread-etikety-a-dekorace-z-jedleho-papiru\">breAd. \u2013 etikety a dekorace z jedl\u00e9ho pap\u00edru<\/a>\n\t\t\t\t\t\t\t <\/li>\n\t\t\t<\/ul> \n\t<div class=\"eltdf-tab-container\" id=\"tab-podpora-exportu-ucasti-na-vybranych-veletrzich-172\">[vc_single_image image=&#8221;42592&#8243; img_size=&#8221;full&#8221; css=&#8221;.vc_custom_1758876113391{padding-bottom: 20px !important;}&#8221;]<\/div><div class=\"eltdf-tab-container\" id=\"tab-prihlaska-vynalezu-819\">[vc_single_image image=&#8221;41599&#8243; img_size=&#8221;full&#8221; css=&#8221;.vc_custom_1743409295624{padding-bottom: 20px !important;}&#8221;]<\/div><div class=\"eltdf-tab-container\" id=\"tab-zahranicni-prezentace-spolecnosti-bread-edible-labels-s-r-o-582\">[vc_single_image image=&#8221;35505&#8243; img_size=&#8221;full&#8221; css=&#8221;.vc_custom_1697200152320{padding-bottom: 20px !important;}&#8221;]<\/div><div class=\"eltdf-tab-container\" id=\"tab-technologie-xiii-285\">[vc_single_image image=&#8221;21138&#8243; img_size=&#8221;full&#8221;]<\/div><div class=\"eltdf-tab-container\" id=\"tab-podpora-spolecnosti-bread-edible-labels-s-r-o-na-zahranicnich-veletrzich-737\">[vc_column_text]<\/p>\n<h2 class=\"section-title\">Podpora spole\u010dnosti breAd. &amp; edible labels s.r.o. na zahrani\u010dn\u00edch veletrz\u00edch<\/h2>\n<p>Na\u0161e spole\u010dnost breAd. &amp; edible labels s.r.o. realizuje projekt s\u00a0n\u00e1zvem \u201e<strong>Podpora spole\u010dnosti breAd. &amp; edible labels s.r.o. na zahrani\u010dn\u00edch veletrz\u00edch<\/strong>\u201c, reg. \u010d. CZ.01.2.111\/0.0\/0.0\/18_167\/0013548, kter\u00fd je p\u0159edlo\u017een ke spolufinancov\u00e1n\u00ed z\u00a0Opera\u010dn\u00edho programu Podnik\u00e1n\u00ed a inovace pro konkurenceschopnost, tedy ze zdroj\u016f Evropsk\u00e9 unie a st\u00e1tn\u00edho rozpo\u010dtu \u010cR.<\/p>\n<p>Obsahem projektu je individu\u00e1ln\u00ed \u00fa\u010dast spole\u010dnosti breAd. &amp; edible labels s.r.o. na sedmi presti\u017en\u00edch pek\u00e1rensk\u00fdch a cukr\u00e1rensk\u00fdch veletrz\u00edch, a to v obdob\u00ed 2018 \u2013 2020. Veletrhy jsou po\u0159\u00e1d\u00e1ny v zem\u00edch EU \u2013 N\u011bmecko, Slovensko a Francie. Koncept projektu je postaven na origin\u00e1ln\u00edm zp\u016fsobu \u00fapravy designu potravin\u00e1\u0159sk\u00fdch v\u00fdrobk\u016f vhodn\u00fdch pro zp\u016fsob zna\u010den\u00ed za pou\u017eit\u00ed dekorac\u00ed z jedl\u00e9ho pap\u00edru. Hlavn\u00edm zam\u011b\u0159en\u00edm jsou etikety z jedl\u00e9ho pap\u00edru za \u00fa\u010delem zna\u010den\u00ed pek\u00e1rensk\u00fdch bezobalov\u00fdch produkt\u016f.[\/vc_column_text][vc_single_image image=&#8221;21355&#8243; img_size=&#8221;full&#8221; alignment=&#8221;center&#8221;][vc_empty_space height=&#8221;64px&#8221;]<\/div><div class=\"eltdf-tab-container\" id=\"tab-porizeni-technologii-spolecnosti-bread-edible-labels-532\">[vc_column_text]<\/p>\n<h2 class=\"section-title\">Po\u0159\u00edzen\u00ed technologi\u00ed spole\u010dnost\u00ed breAd. &amp; edible labels<\/h2>\n<p>Na\u0161e spole\u010dnost breAd. &amp; edible labels s.r.o. realizuje projekt s\u00a0n\u00e1zvem \u201e<strong>Po\u0159\u00edzen\u00ed technologi\u00ed spole\u010dnost\u00ed breAd. &amp; edible labels<\/strong>\u201c, reg. \u010d. CZ.01.2.06\/0.0\/0.0\/15_038\/0006144, kter\u00fd je p\u0159edlo\u017een ke spolufinancov\u00e1n\u00ed z\u00a0Opera\u010dn\u00edho programu Podnik\u00e1n\u00ed a inovace pro konkurenceschopnost, tedy ze zdroj\u016f Evropsk\u00e9 unie a st\u00e1tn\u00edho rozpo\u010dtu \u010cR.<\/p>\n<p>P\u0159edm\u011btem projektu spole\u010dnosti breAd. &amp; edible labels s.r.o. je po\u0159\u00edzen\u00ed 6 kus\u016f v\u00fdrobn\u00edch technologi\u00ed pro v\u00fdrobu reklamn\u00edch etiket a dekorac\u00ed z jedl\u00e9ho pap\u00edru a pro v\u00fdrobu pern\u00ed\u010dk\u016f zdoben\u00fdch jedl\u00fdmi dekoracemi. D\u00edky t\u011bmto technologi\u00edm dojde z\u00e1sadn\u00ed zm\u011bn\u011b v\u00fdrobn\u00edho postupu a zefektivn\u011bn\u00ed v\u00fdroby.<br \/>\nC\u00edlem a p\u0159\u00ednosem projektu je roz\u0161\u00ed\u0159en\u00ed odb\u011bratelsk\u00e9 z\u00e1kladny, nav\u00fd\u0161en\u00ed odbytu spole\u010dnosti a zv\u00fd\u0161en\u00ed konkurenceschopnosti v potravin\u00e1\u0159sk\u00e9m pr\u016fmyslu.[\/vc_column_text][vc_single_image image=&#8221;21355&#8243; img_size=&#8221;full&#8221; alignment=&#8221;center&#8221;][vc_empty_space height=&#8221;64px&#8221;]<\/div><div class=\"eltdf-tab-container\" id=\"tab-bread-etikety-a-dekorace-z-jedleho-papiru-37\">[vc_column_text]<\/p>\n<h2 class=\"section-title\">Realizace projektu \u201ebreAd. \u2013 etikety a dekorace z jedl\u00e9ho pap\u00edru\u201c<\/h2>\n<p>Realizace projektu \u201ebreAd. \u2013 etikety a dekorace z jedl\u00e9ho pap\u00edru\u201c je spolufinancov\u00e1n v r\u00e1mci dota\u010dn\u00edho programu Podpora podnik\u00e1n\u00ed v Moravskoslezsk\u00e9m kraji 2021 \u2013 dota\u010dn\u00ed titul \u201eInnoBoster Voucher\u201c.<br \/>\nMoravskoslezsk\u00fd kraj prost\u0159ednictv\u00edm tohoto dota\u010dn\u00edho titulu podporuje rozvoj mal\u00fdch a st\u0159edn\u00edch podnik\u016f, jen\u017e vede k tvorb\u011b nov\u00fdch produkt\u016f\/slu\u017eeb \u010di roz\u0161\u00ed\u0159en\u00ed pod\u00edlu na trhu\/trz\u00edch, a to skrze realizaci business inovac\u00ed (Business Innovation).[\/vc_column_text][vc_empty_space][vc_single_image source=&#8221;external_link&#8221; alignment=&#8221;center&#8221; custom_src=&#8221;https:\/\/bread.cz\/wp-content\/uploads\/2021\/11\/ms-kraj_logo.jpg&#8221;][vc_empty_space height=&#8221;64px&#8221;]<\/div><\/div>[\/vc_column][\/vc_row][\/vc_section]<\/p>\n","protected":false},"excerpt":{"rendered":"<p>[vc_section css=&#8221;.vc_custom_1534767948341{background-color: #ffffff !important;}&#8221;][vc_row row_content_width=&#8221;grid&#8221; css=&#8221;.vc_custom_1697200044541{margin-bottom: 20px !important;background-color: #ffffff !important;}&#8221;][vc_column][\/vc_column][\/vc_row][\/vc_section]<\/p>\n","protected":false},"author":1,"featured_media":0,"parent":0,"menu_order":0,"comment_status":"closed","ping_status":"closed","template":"full-width.php","meta":{"_monsterinsights_skip_tracking":false,"_monsterinsights_sitenote_active":false,"_monsterinsights_sitenote_note":"","_monsterinsights_sitenote_category":0,"footnotes":""},"class_list":["post-21365","page","type-page","status-publish","hentry"],"_links":{"self":[{"href":"https:\/\/bread.cz\/en\/wp-json\/wp\/v2\/pages\/21365","targetHints":{"allow":["GET"]}}],"collection":[{"href":"https:\/\/bread.cz\/en\/wp-json\/wp\/v2\/pages"}],"about":[{"href":"https:\/\/bread.cz\/en\/wp-json\/wp\/v2\/types\/page"}],"author":[{"embeddable":true,"href":"https:\/\/bread.cz\/en\/wp-json\/wp\/v2\/users\/1"}],"replies":[{"embeddable":true,"href":"https:\/\/bread.cz\/en\/wp-json\/wp\/v2\/comments?post=21365"}],"version-history":[{"count":20,"href":"https:\/\/bread.cz\/en\/wp-json\/wp\/v2\/pages\/21365\/revisions"}],"predecessor-version":[{"id":42598,"href":"https:\/\/bread.cz\/en\/wp-json\/wp\/v2\/pages\/21365\/revisions\/42598"}],"wp:attachment":[{"href":"https:\/\/bread.cz\/en\/wp-json\/wp\/v2\/media?parent=21365"}],"curies":[{"name":"wp","href":"https:\/\/api.w.org\/{rel}","templated":true}]}}