{"id":35779,"date":"2023-04-13T13:57:09","date_gmt":"2023-04-13T11:57:09","guid":{"rendered":"https:\/\/bread.cz\/edible-printed-promotional-biscuits-with-your-own-logo\/"},"modified":"2025-03-05T10:34:25","modified_gmt":"2025-03-05T09:34:25","slug":"essbare-werbekekse-bedruckt-mit-ihrem-eigenen-logo","status":"publish","type":"page","link":"https:\/\/bread.cz\/de\/essbare-werbekekse-bedruckt-mit-ihrem-eigenen-logo\/","title":{"rendered":"Essbare Werbekekse, bedruckt mit Ihrem eigenen Logo"},"content":{"rendered":"<p>[vc_row row_content_width=&#8220;grid&#8220;][vc_column css=&#8220;.vc_custom_1534498200464{padding-top: 30px !important;padding-bottom: 60px !important;}&#8220;]<div class=\"eltdf-elements-holder eltdf-responsive-mode-768\" ><div class=\"eltdf-eh-item eltdf-vertical-alignment-top\" data-item-class=\"eltdf-eh-custom-626123\" >\n\t<div class=\"eltdf-eh-item-inner\" >\n\t\t<div class=\"eltdf-eh-item-content eltdf-eh-custom-626123\" style=\"padding: 0px 0px 40px 0px\">\n\t\t\t[vc_column_text]<\/p>\n<h3><span style=\"color: #e89031;\">Eine einzigartige und s\u00fc\u00dfe Art, Ihre Marke zu bewerben<\/span> und Ihre Mitarbeiter, Kunden, Partner oder Konferenz- und Messebesucher zu beeindrucken.<\/h3>\n<p>[\/vc_column_text]\t\t<\/div>\n\t<\/div>\n<\/div><\/div><div class=\"eltdf-elements-holder eltdf-two-columns eltdf-responsive-mode-768\" ><div class=\"eltdf-eh-item \" data-item-class=\"eltdf-eh-custom-436882\" >\n\t<div class=\"eltdf-eh-item-inner\" >\n\t\t<div class=\"eltdf-eh-item-content eltdf-eh-custom-436882\" style=\"padding: 0px 20px 0px 0px\">\n\t\t\t<div class=\"eltdf-image-gallery\">\n\t<div class=\"eltdf-ig-slider eltdf-nav-pag-enabled\" data-number-of-visible-items=\"1\" data-autoplay=\"3\" data-animation=\"slide\" data-navigation=\"yes\" data-pagination=\"yes\">\n\t\t\t\t\t\t<a class=\"eltdf-ig-lightbox\" href=\"https:\/\/bread.cz\/wp-content\/uploads\/2023\/04\/blister.jpg\" data-rel=\"prettyPhoto[single_pretty_photo]\" title=\"blister\">\n\t\t\t\t\t\t\t\t\t\t\t\t<img decoding=\"async\" data-src=\"https:\/\/bread.cz\/wp-content\/uploads\/2023\/04\/blister-500x500.jpg\" alt=\"\" width=\"500\" height=\"500\" src=\"data:image\/gif;base64,R0lGODlhAQABAAAAACH5BAEKAAEALAAAAAABAAEAAAICTAEAOw==\" class=\"lazyload\" style=\"--smush-placeholder-width: 500px; --smush-placeholder-aspect-ratio: 500\/500;\" \/>\t\t\t\t\t\t\t\t\t\t\t<div class=\"eltdf-image-gallery-overlay\"><\/div>\n\t\t\t\t<\/a>\n\t\t\t\t\t\t\t<a class=\"eltdf-ig-lightbox\" href=\"https:\/\/bread.cz\/wp-content\/uploads\/2023\/04\/csob.jpg\" data-rel=\"prettyPhoto[single_pretty_photo]\" title=\"csob\">\n\t\t\t\t\t\t\t\t\t\t\t\t<img decoding=\"async\" data-src=\"https:\/\/bread.cz\/wp-content\/uploads\/2023\/04\/csob-500x500.jpg\" alt=\"\" width=\"500\" height=\"500\" src=\"data:image\/gif;base64,R0lGODlhAQABAAAAACH5BAEKAAEALAAAAAABAAEAAAICTAEAOw==\" class=\"lazyload\" style=\"--smush-placeholder-width: 500px; --smush-placeholder-aspect-ratio: 500\/500;\" \/>\t\t\t\t\t\t\t\t\t\t\t<div class=\"eltdf-image-gallery-overlay\"><\/div>\n\t\t\t\t<\/a>\n\t\t\t\t\t\t\t<a class=\"eltdf-ig-lightbox\" href=\"https:\/\/bread.cz\/wp-content\/uploads\/2023\/04\/comet_box.jpg\" data-rel=\"prettyPhoto[single_pretty_photo]\" title=\"comet_box\">\n\t\t\t\t\t\t\t\t\t\t\t\t<img decoding=\"async\" data-src=\"https:\/\/bread.cz\/wp-content\/uploads\/2023\/04\/comet_box-500x500.jpg\" alt=\"\" width=\"500\" height=\"500\" src=\"data:image\/gif;base64,R0lGODlhAQABAAAAACH5BAEKAAEALAAAAAABAAEAAAICTAEAOw==\" class=\"lazyload\" style=\"--smush-placeholder-width: 500px; --smush-placeholder-aspect-ratio: 500\/500;\" \/>\t\t\t\t\t\t\t\t\t\t\t<div class=\"eltdf-image-gallery-overlay\"><\/div>\n\t\t\t\t<\/a>\n\t\t\t\t\t\t\t<a class=\"eltdf-ig-lightbox\" href=\"https:\/\/bread.cz\/wp-content\/uploads\/2023\/04\/o2_vesele_vanoce.jpg\" data-rel=\"prettyPhoto[single_pretty_photo]\" title=\"o2_vesele_vanoce\">\n\t\t\t\t\t\t\t\t\t\t\t\t<img decoding=\"async\" data-src=\"https:\/\/bread.cz\/wp-content\/uploads\/2023\/04\/o2_vesele_vanoce-500x500.jpg\" alt=\"\" width=\"500\" height=\"500\" src=\"data:image\/gif;base64,R0lGODlhAQABAAAAACH5BAEKAAEALAAAAAABAAEAAAICTAEAOw==\" class=\"lazyload\" style=\"--smush-placeholder-width: 500px; --smush-placeholder-aspect-ratio: 500\/500;\" \/>\t\t\t\t\t\t\t\t\t\t\t<div class=\"eltdf-image-gallery-overlay\"><\/div>\n\t\t\t\t<\/a>\n\t\t\t\t\t\t\t<a class=\"eltdf-ig-lightbox\" href=\"https:\/\/bread.cz\/wp-content\/uploads\/2023\/04\/stars.jpg\" data-rel=\"prettyPhoto[single_pretty_photo]\" title=\"stars\">\n\t\t\t\t\t\t\t\t\t\t\t\t<img decoding=\"async\" data-src=\"https:\/\/bread.cz\/wp-content\/uploads\/2023\/04\/stars-500x500.jpg\" alt=\"\" width=\"500\" height=\"500\" src=\"data:image\/gif;base64,R0lGODlhAQABAAAAACH5BAEKAAEALAAAAAABAAEAAAICTAEAOw==\" class=\"lazyload\" style=\"--smush-placeholder-width: 500px; --smush-placeholder-aspect-ratio: 500\/500;\" \/>\t\t\t\t\t\t\t\t\t\t\t<div class=\"eltdf-image-gallery-overlay\"><\/div>\n\t\t\t\t<\/a>\n\t\t\t\t\t\t\t<a class=\"eltdf-ig-lightbox\" href=\"https:\/\/bread.cz\/wp-content\/uploads\/2023\/04\/philips_dekujeme.jpg\" data-rel=\"prettyPhoto[single_pretty_photo]\" title=\"philips_dekujeme\">\n\t\t\t\t\t\t\t\t\t\t\t\t<img decoding=\"async\" data-src=\"https:\/\/bread.cz\/wp-content\/uploads\/2023\/04\/philips_dekujeme-500x500.jpg\" alt=\"\" width=\"500\" height=\"500\" src=\"data:image\/gif;base64,R0lGODlhAQABAAAAACH5BAEKAAEALAAAAAABAAEAAAICTAEAOw==\" class=\"lazyload\" style=\"--smush-placeholder-width: 500px; --smush-placeholder-aspect-ratio: 500\/500;\" \/>\t\t\t\t\t\t\t\t\t\t\t<div class=\"eltdf-image-gallery-overlay\"><\/div>\n\t\t\t\t<\/a>\n\t\t\t\t\t\t\t<a class=\"eltdf-ig-lightbox\" href=\"https:\/\/bread.cz\/wp-content\/uploads\/2023\/04\/ceska_televize.jpg\" data-rel=\"prettyPhoto[single_pretty_photo]\" title=\"ceska_televize\">\n\t\t\t\t\t\t\t\t\t\t\t\t<img decoding=\"async\" data-src=\"https:\/\/bread.cz\/wp-content\/uploads\/2023\/04\/ceska_televize-500x500.jpg\" alt=\"\" width=\"500\" height=\"500\" src=\"data:image\/gif;base64,R0lGODlhAQABAAAAACH5BAEKAAEALAAAAAABAAEAAAICTAEAOw==\" class=\"lazyload\" style=\"--smush-placeholder-width: 500px; --smush-placeholder-aspect-ratio: 500\/500;\" \/>\t\t\t\t\t\t\t\t\t\t\t<div class=\"eltdf-image-gallery-overlay\"><\/div>\n\t\t\t\t<\/a>\n\t\t\t\t<\/div>\n<\/div>\t\t<\/div>\n\t<\/div>\n<\/div><div class=\"eltdf-eh-item \" data-item-class=\"eltdf-eh-custom-592406\" >\n\t<div class=\"eltdf-eh-item-inner\" >\n\t\t<div class=\"eltdf-eh-item-content eltdf-eh-custom-592406\" style=\"padding: 0px 0px 0px 20px\">\n\t\t\t[vc_column_text]<\/p>\n<p style=\"font-size: 18px;\">Unsere Kekse sind leckere <strong>Werbegeschenke &#8211; s\u00fc\u00dfes Werbekonfekt<\/strong>, das nicht nur gut schmeckt.<\/p>\n<p style=\"font-size: 18px;\"><strong>Wir k\u00f6nnen Ihr Firmenlogo oder eine andere Grafik auf die Kekse drucken<\/strong>, was sie zu einem originellen Werbegeschenk f\u00fcr jedermann macht &#8211; <strong>eine gro\u00dfartige M\u00f6glichkeit, sich zu bedanken oder Beziehungen zu st\u00e4rken<\/strong>.<\/p>\n<p style=\"font-size: 18px;\">Sie sind auch sehr <strong>beliebt bei Hotels, Caf\u00e9s und Restaurants<\/strong>, wo sie als Willkommensgru\u00df im Hotelzimmer, an der Rezeption oder als <strong>s\u00fc\u00dfe Leckerei zum Kaffee verwendet werden<\/strong>.<\/p>\n<p>[\/vc_column_text][vc_empty_space]<div class=\"eltdf-icon-list-holder\" >\n\t<div class=\"eltdf-il-icon-holder\">\n\t\t<i class=\"eltdf-icon-font-awesome fa fa-plus \" style=\"color: #e59b4f;font-size: 18px\" ><\/i>\t<\/div>\n\t<p class=\"eltdf-il-text\" style=\"font-size: 18px;padding-left: 18px\"> Essbarer Aufdruck von Logos, Botschaften oder Grafiken nach Wahl<\/p>\n<\/div><div class=\"eltdf-icon-list-holder\" >\n\t<div class=\"eltdf-il-icon-holder\">\n\t\t<i class=\"eltdf-icon-font-awesome fa fa-plus \" style=\"color: #e59b4f;font-size: 18px\" ><\/i>\t<\/div>\n\t<p class=\"eltdf-il-text\" style=\"font-size: 18px;padding-left: 18px\"> Erh\u00e4ltlich in verschiedenen k\u00f6stlichen Geschmacksrichtungen - Karamell, Kakao, Honig-Lebkuchen<\/p>\n<\/div><div class=\"eltdf-icon-list-holder\" >\n\t<div class=\"eltdf-il-icon-holder\">\n\t\t<i class=\"eltdf-icon-font-awesome fa fa-plus \" style=\"color: #e59b4f;font-size: 18px\" ><\/i>\t<\/div>\n\t<p class=\"eltdf-il-text\" style=\"font-size: 18px;padding-left: 18px\"> Verschiedene Formen und Gr\u00f6\u00dfen<\/p>\n<\/div><div class=\"eltdf-icon-list-holder\" >\n\t<div class=\"eltdf-il-icon-holder\">\n\t\t<i class=\"eltdf-icon-font-awesome fa fa-plus \" style=\"color: #e59b4f;font-size: 18px\" ><\/i>\t<\/div>\n\t<p class=\"eltdf-il-text\" style=\"font-size: 18px;padding-left: 18px\"> Aufdruck auf Geschenkboxen m\u00f6glich<\/p>\n<\/div>\t\t<\/div>\n\t<\/div>\n<\/div><\/div>[\/vc_column][\/vc_row][vc_row el_class=&#8220;elated-custom-button-class&#8220; css=&#8220;.vc_custom_1538673607430{background-color: #f5f1ee !important;}&#8220;][vc_column css=&#8220;.vc_custom_1474296714333{padding-top: 0px !important;}&#8220;][vc_row_inner css=&#8220;.vc_custom_1483532586925{margin-right: 0px !important;margin-left: 0px !important;padding-top: 0px !important;padding-bottom: 0px !important;background-color: #f7f4f0 !important;}&#8220;][vc_column_inner offset=&#8220;vc_col-lg-3 vc_col-md-12&#8243; css=&#8220;.vc_custom_1534324555505{padding-top: 0px !important;padding-right: 0px !important;padding-bottom: 0px !important;padding-left: 0px !important;}&#8220;]<div class=\"eltdf-elements-holder eltdf-responsive-mode-768\" ><div class=\"eltdf-eh-item \" data-item-class=\"eltdf-eh-custom-419277\" data-1280-1600=\"5% 15% 5% 15%\" data-1024-1280=\"5% 15% 5% 15%\" data-480=\"0px 35px 0px 25px\" >\n\t<div class=\"eltdf-eh-item-inner\" style=\"background-color: #f7f4f0\">\n\t\t<div class=\"eltdf-eh-item-content eltdf-eh-custom-419277\" style=\"padding: 5% 15% 5% 15%\">\n\t\t\t[vc_column_text]<\/p>\n<h3><span style=\"color: #e89031;\">Unsere Galerie<\/span><\/h3>\n<p>[\/vc_column_text][vc_empty_space height=&#8220;17&#8243;]\t\t<\/div>\n\t<\/div>\n<\/div><\/div>[\/vc_column_inner][vc_column_inner css=&#8220;.vc_custom_1483540852828{padding-top: 0px !important;padding-right: 0px !important;padding-bottom: 0px !important;padding-left: 0px !important;}&#8220; offset=&#8220;vc_col-lg-9 vc_col-md-12&#8243;]<div class=\"eltdf-image-gallery\">\n\t<div class=\"eltdf-ig-slider \" data-number-of-visible-items=\"4\" data-autoplay=\"3\" data-animation=\"slide\" data-navigation=\"yes\" data-pagination=\"no\">\n\t\t\t\t\t\t<a class=\"eltdf-ig-lightbox\" href=\"https:\/\/bread.cz\/wp-content\/uploads\/2018\/07\/biscuits_0513.jpg\" data-rel=\"prettyPhoto[single_pretty_photo]\" title=\"biscuits_0513\">\n\t\t\t\t\t\t\t\t\t\t\t\t<img decoding=\"async\" width=\"1067\" height=\"1600\" data-src=\"https:\/\/bread.cz\/wp-content\/uploads\/2018\/07\/biscuits_0513.jpg\" class=\"attachment-full size-full lazyload\" alt=\"\" data-srcset=\"https:\/\/bread.cz\/wp-content\/uploads\/2018\/07\/biscuits_0513.jpg 1067w, https:\/\/bread.cz\/wp-content\/uploads\/2018\/07\/biscuits_0513-200x300.jpg 200w, https:\/\/bread.cz\/wp-content\/uploads\/2018\/07\/biscuits_0513-683x1024.jpg 683w, https:\/\/bread.cz\/wp-content\/uploads\/2018\/07\/biscuits_0513-768x1152.jpg 768w, https:\/\/bread.cz\/wp-content\/uploads\/2018\/07\/biscuits_0513-1024x1536.jpg 1024w\" data-sizes=\"(max-width: 1067px) 100vw, 1067px\" src=\"data:image\/gif;base64,R0lGODlhAQABAAAAACH5BAEKAAEALAAAAAABAAEAAAICTAEAOw==\" style=\"--smush-placeholder-width: 1067px; --smush-placeholder-aspect-ratio: 1067\/1600;\" \/>\t\t\t\t\t\t\t\t\t\t\t<div class=\"eltdf-image-gallery-overlay\"><\/div>\n\t\t\t\t<\/a>\n\t\t\t\t\t\t\t<a class=\"eltdf-ig-lightbox\" href=\"https:\/\/bread.cz\/wp-content\/uploads\/2018\/07\/biscuits_0362.jpg\" data-rel=\"prettyPhoto[single_pretty_photo]\" title=\"biscuits_0362\">\n\t\t\t\t\t\t\t\t\t\t\t\t<img decoding=\"async\" width=\"1067\" height=\"1600\" data-src=\"https:\/\/bread.cz\/wp-content\/uploads\/2018\/07\/biscuits_0362.jpg\" class=\"attachment-full size-full lazyload\" alt=\"\" data-srcset=\"https:\/\/bread.cz\/wp-content\/uploads\/2018\/07\/biscuits_0362.jpg 1067w, https:\/\/bread.cz\/wp-content\/uploads\/2018\/07\/biscuits_0362-200x300.jpg 200w, https:\/\/bread.cz\/wp-content\/uploads\/2018\/07\/biscuits_0362-683x1024.jpg 683w, https:\/\/bread.cz\/wp-content\/uploads\/2018\/07\/biscuits_0362-768x1152.jpg 768w, https:\/\/bread.cz\/wp-content\/uploads\/2018\/07\/biscuits_0362-1024x1536.jpg 1024w\" data-sizes=\"(max-width: 1067px) 100vw, 1067px\" src=\"data:image\/gif;base64,R0lGODlhAQABAAAAACH5BAEKAAEALAAAAAABAAEAAAICTAEAOw==\" style=\"--smush-placeholder-width: 1067px; --smush-placeholder-aspect-ratio: 1067\/1600;\" \/>\t\t\t\t\t\t\t\t\t\t\t<div class=\"eltdf-image-gallery-overlay\"><\/div>\n\t\t\t\t<\/a>\n\t\t\t\t\t\t\t<a class=\"eltdf-ig-lightbox\" href=\"https:\/\/bread.cz\/wp-content\/uploads\/2023\/04\/iba-munich-2018.jpg\" data-rel=\"prettyPhoto[single_pretty_photo]\" title=\"iba-munich-2018\">\n\t\t\t\t\t\t\t\t\t\t\t\t<img decoding=\"async\" width=\"1067\" height=\"1600\" data-src=\"https:\/\/bread.cz\/wp-content\/uploads\/2023\/04\/iba-munich-2018.jpg\" class=\"attachment-full size-full lazyload\" alt=\"\" data-srcset=\"https:\/\/bread.cz\/wp-content\/uploads\/2023\/04\/iba-munich-2018.jpg 1067w, https:\/\/bread.cz\/wp-content\/uploads\/2023\/04\/iba-munich-2018-200x300.jpg 200w, https:\/\/bread.cz\/wp-content\/uploads\/2023\/04\/iba-munich-2018-683x1024.jpg 683w, https:\/\/bread.cz\/wp-content\/uploads\/2023\/04\/iba-munich-2018-768x1152.jpg 768w, https:\/\/bread.cz\/wp-content\/uploads\/2023\/04\/iba-munich-2018-1024x1536.jpg 1024w\" data-sizes=\"(max-width: 1067px) 100vw, 1067px\" src=\"data:image\/gif;base64,R0lGODlhAQABAAAAACH5BAEKAAEALAAAAAABAAEAAAICTAEAOw==\" style=\"--smush-placeholder-width: 1067px; --smush-placeholder-aspect-ratio: 1067\/1600;\" \/>\t\t\t\t\t\t\t\t\t\t\t<div class=\"eltdf-image-gallery-overlay\"><\/div>\n\t\t\t\t<\/a>\n\t\t\t\t\t\t\t<a class=\"eltdf-ig-lightbox\" href=\"https:\/\/bread.cz\/wp-content\/uploads\/2023\/04\/vsb_studuj_na_fbi.jpg\" data-rel=\"prettyPhoto[single_pretty_photo]\" title=\"vsb_studuj_na_fbi\">\n\t\t\t\t\t\t\t\t\t\t\t\t<img decoding=\"async\" width=\"1067\" height=\"1600\" data-src=\"https:\/\/bread.cz\/wp-content\/uploads\/2023\/04\/vsb_studuj_na_fbi.jpg\" class=\"attachment-full size-full lazyload\" alt=\"\" data-srcset=\"https:\/\/bread.cz\/wp-content\/uploads\/2023\/04\/vsb_studuj_na_fbi.jpg 1067w, https:\/\/bread.cz\/wp-content\/uploads\/2023\/04\/vsb_studuj_na_fbi-200x300.jpg 200w, https:\/\/bread.cz\/wp-content\/uploads\/2023\/04\/vsb_studuj_na_fbi-683x1024.jpg 683w, https:\/\/bread.cz\/wp-content\/uploads\/2023\/04\/vsb_studuj_na_fbi-768x1152.jpg 768w, https:\/\/bread.cz\/wp-content\/uploads\/2023\/04\/vsb_studuj_na_fbi-1024x1536.jpg 1024w\" data-sizes=\"(max-width: 1067px) 100vw, 1067px\" src=\"data:image\/gif;base64,R0lGODlhAQABAAAAACH5BAEKAAEALAAAAAABAAEAAAICTAEAOw==\" style=\"--smush-placeholder-width: 1067px; --smush-placeholder-aspect-ratio: 1067\/1600;\" \/>\t\t\t\t\t\t\t\t\t\t\t<div class=\"eltdf-image-gallery-overlay\"><\/div>\n\t\t\t\t<\/a>\n\t\t\t\t\t\t\t<a class=\"eltdf-ig-lightbox\" href=\"https:\/\/bread.cz\/wp-content\/uploads\/2023\/05\/dolce-maria-1-1.jpg\" data-rel=\"prettyPhoto[single_pretty_photo]\" title=\"dolce-maria-1\">\n\t\t\t\t\t\t\t\t\t\t\t\t<img decoding=\"async\" width=\"1067\" height=\"1600\" data-src=\"https:\/\/bread.cz\/wp-content\/uploads\/2023\/05\/dolce-maria-1-1.jpg\" class=\"attachment-full size-full lazyload\" alt=\"\" data-srcset=\"https:\/\/bread.cz\/wp-content\/uploads\/2023\/05\/dolce-maria-1-1.jpg 1067w, https:\/\/bread.cz\/wp-content\/uploads\/2023\/05\/dolce-maria-1-1-200x300.jpg 200w, https:\/\/bread.cz\/wp-content\/uploads\/2023\/05\/dolce-maria-1-1-683x1024.jpg 683w, https:\/\/bread.cz\/wp-content\/uploads\/2023\/05\/dolce-maria-1-1-768x1152.jpg 768w, https:\/\/bread.cz\/wp-content\/uploads\/2023\/05\/dolce-maria-1-1-1024x1536.jpg 1024w\" data-sizes=\"(max-width: 1067px) 100vw, 1067px\" src=\"data:image\/gif;base64,R0lGODlhAQABAAAAACH5BAEKAAEALAAAAAABAAEAAAICTAEAOw==\" style=\"--smush-placeholder-width: 1067px; --smush-placeholder-aspect-ratio: 1067\/1600;\" \/>\t\t\t\t\t\t\t\t\t\t\t<div class=\"eltdf-image-gallery-overlay\"><\/div>\n\t\t\t\t<\/a>\n\t\t\t\t\t\t\t<a class=\"eltdf-ig-lightbox\" href=\"https:\/\/bread.cz\/wp-content\/uploads\/2023\/05\/dolce-maria-2-1.jpg\" data-rel=\"prettyPhoto[single_pretty_photo]\" title=\"dolce-maria-2\">\n\t\t\t\t\t\t\t\t\t\t\t\t<img decoding=\"async\" width=\"1067\" height=\"1600\" data-src=\"https:\/\/bread.cz\/wp-content\/uploads\/2023\/05\/dolce-maria-2-1.jpg\" class=\"attachment-full size-full lazyload\" alt=\"\" data-srcset=\"https:\/\/bread.cz\/wp-content\/uploads\/2023\/05\/dolce-maria-2-1.jpg 1067w, https:\/\/bread.cz\/wp-content\/uploads\/2023\/05\/dolce-maria-2-1-200x300.jpg 200w, https:\/\/bread.cz\/wp-content\/uploads\/2023\/05\/dolce-maria-2-1-683x1024.jpg 683w, https:\/\/bread.cz\/wp-content\/uploads\/2023\/05\/dolce-maria-2-1-768x1152.jpg 768w, https:\/\/bread.cz\/wp-content\/uploads\/2023\/05\/dolce-maria-2-1-1024x1536.jpg 1024w\" data-sizes=\"(max-width: 1067px) 100vw, 1067px\" src=\"data:image\/gif;base64,R0lGODlhAQABAAAAACH5BAEKAAEALAAAAAABAAEAAAICTAEAOw==\" style=\"--smush-placeholder-width: 1067px; --smush-placeholder-aspect-ratio: 1067\/1600;\" \/>\t\t\t\t\t\t\t\t\t\t\t<div class=\"eltdf-image-gallery-overlay\"><\/div>\n\t\t\t\t<\/a>\n\t\t\t\t<\/div>\n<\/div>[\/vc_column_inner][\/vc_row_inner][\/vc_column][\/vc_row][vc_row css=&#8220;.vc_custom_1681458098084{padding-top: 5% !important;padding-right: 5% !important;padding-bottom: 5% !important;padding-left: 5% !important;background-color: #e89031 !important;}&#8220;][vc_column css=&#8220;.vc_custom_1533157361613{padding-top: 0px !important;padding-right: 0px !important;padding-left: 0px !important;}&#8220;][vc_row_inner][vc_column_inner css=&#8220;.vc_custom_1533157672885{padding-right: 0px !important;padding-left: 0px !important;}&#8220;]<div class=\"eltdf-elements-holder eltdf-responsive-mode-768\" ><div class=\"eltdf-eh-item \" data-item-class=\"eltdf-eh-custom-602871\" data-1280-1600=\"0px 250px 0px 250px\" data-1024-1280=\"0px 200px 0px 200px\" data-768-1024=\"0px 100px 0px 100px\" data-600-768=\"0px 10px 0px 10px\" data-480-600=\"0px 0px 0px 0px\" data-480=\"0px 0px 0px 0px\" >\n\t<div class=\"eltdf-eh-item-inner\" >\n\t\t<div class=\"eltdf-eh-item-content eltdf-eh-custom-602871\" style=\"padding: 0px 450px 0px 450px\">\n\t\t\t<div class=\"eltdf-call-to-action-holder  eltdf-simple-layout\">\n\t<div class=\"eltdf-cta-inner \">\n\t\t<div class=\"eltdf-cta-text-holder\">\n\t\t\t<div class=\"eltdf-cta-text\">\n<h3 style=\"text-align: center;\"><span style=\"font-size: 36px; line-height: 43px; font-weight: 600; color: #ffffff;\">Sind Sie auf der Suche nach Werbegeschenken f\u00fcr Ihre Mitarbeiter, Kunden oder Gesch\u00e4ftspartner? M\u00f6chten Sie auf einer Konferenz, einer Messe oder einer anderen Firmenveranstaltung beeindrucken?<\/span><\/h3>\n<p style=\"text-align: center;\"><span style=\"font-size: 18px; color: #ffffff;\">Kontaktieren Sie uns und wir helfen Ihnen gerne mit einer Auswahl an Keksen, die sich hervorragend als Werbeartikel f\u00fcr Ihr Unternehmen eignen.<\/span><\/p>\n<\/div>\n\t\t<\/div>\n\t\t<div class=\"eltdf-cta-button-holder\" >\n\t\t\t<div class=\"eltdf-cta-button\"><a itemprop=\"url\" href=\"https:\/\/bread.cz\/de\/contact\/\" target=\"_blank\" style=\"color: #e89031;background-color: #ffffff;border-color: #ffffff\" class=\"eltdf-btn eltdf-btn-medium eltdf-btn-solid eltdf-btn-custom-hover-bg eltdf-btn-custom-border-hover eltdf-btn-custom-hover-color eltdf-btn-animation\" data-hover-color=\"#e89031\" data-hover-bg-color=\"#ffffff\" data-hover-border-color=\"#ffffff\" >    <span class=\"eltdf-btn-text\">    KONTAKTIEREN SIE UNS!        \t<span class=\"eltdf-btn-bottom-line\"><\/span>    \t<span class=\"eltdf-btn-upper-line\"><\/span>        <\/span>    <\/a><\/div>\n\t\t<\/div>\n\t<\/div>\n<\/div>\t\t<\/div>\n\t<\/div>\n<\/div><\/div>[\/vc_column_inner][\/vc_row_inner][\/vc_column][\/vc_row][vc_row row_content_width=&#8220;grid&#8220;][vc_column]<div class=\"eltdf-elements-holder eltdf-responsive-mode-768\" ><div class=\"eltdf-eh-item eltdf-horizontal-alignment-center\" data-item-class=\"eltdf-eh-custom-411944\" >\n\t<div class=\"eltdf-eh-item-inner\" >\n\t\t<div class=\"eltdf-eh-item-content eltdf-eh-custom-411944\" >\n\t\t\t[vc_empty_space height=&#8220;64px&#8220;][vc_column_text]<\/p>\n<h3>Kataloge:<\/h3>\n<p>[\/vc_column_text][vc_empty_space]\t\t<\/div>\n\t<\/div>\n<\/div><\/div><div class=\"eltdf-elements-holder eltdf-two-columns eltdf-responsive-mode-768 eltdf-one-column-alignment-center\" ><div class=\"eltdf-eh-item \" data-item-class=\"eltdf-eh-custom-825307\" >\n\t<div class=\"eltdf-eh-item-inner\" >\n\t\t<div class=\"eltdf-eh-item-content eltdf-eh-custom-825307\" >\n\t\t\t<div class=\"eltdf-banner-holder\">\n    <div class=\"eltdf-banner-image\">\n\t    <img decoding=\"async\" width=\"400\" height=\"566\" data-src=\"https:\/\/bread.cz\/wp-content\/uploads\/2025\/03\/Biscito_catalogue_EN_2501.jpg\" class=\"attachment-full size-full lazyload\" alt=\"\" data-srcset=\"https:\/\/bread.cz\/wp-content\/uploads\/2025\/03\/Biscito_catalogue_EN_2501.jpg 400w, https:\/\/bread.cz\/wp-content\/uploads\/2025\/03\/Biscito_catalogue_EN_2501-212x300.jpg 212w\" data-sizes=\"(max-width: 400px) 100vw, 400px\" src=\"data:image\/gif;base64,R0lGODlhAQABAAAAACH5BAEKAAEALAAAAAABAAEAAAICTAEAOw==\" style=\"--smush-placeholder-width: 400px; --smush-placeholder-aspect-ratio: 400\/566;\" \/>    <\/div>\n    <div class=\"eltdf-banner-text-holder\">\n\t    <div class=\"eltdf-banner-text-inner\">\n\t        \t        \t\t\t\t\t<\/div>\n\t<\/div>\n\t\t\t<a itemprop=\"url\" class=\"eltdf-banner-link\" href=\"https:\/\/bread.cz\/wp-content\/uploads\/2025\/03\/Biscito_catalogue_EN_2501.pdf\" target=\"_blank\"><\/a>\n\t<\/div>[vc_column_text]<strong>Katalog der Werbekekse<\/strong>[\/vc_column_text][vc_empty_space height=&#8220;64px&#8220;]\t\t<\/div>\n\t<\/div>\n<\/div><\/div>[\/vc_column][\/vc_row]<\/p>\n","protected":false},"excerpt":{"rendered":"<p>[vc_row row_content_width=&#8220;grid&#8220;][vc_column css=&#8220;.vc_custom_1534498200464{padding-top: 30px !important;padding-bottom: 60px !important;}&#8220;][\/vc_column][\/vc_row][vc_row el_class=&#8220;elated-custom-button-class&#8220; css=&#8220;.vc_custom_1538673607430{background-color: #f5f1ee !important;}&#8220;][vc_column css=&#8220;.vc_custom_1474296714333{padding-top: 0px !important;}&#8220;][vc_row_inner css=&#8220;.vc_custom_1483532586925{margin-right: 0px !important;margin-left: 0px !important;padding-top: 0px !important;padding-bottom: 0px !important;background-color: #f7f4f0 !important;}&#8220;][vc_column_inner offset=&#8220;vc_col-lg-3 vc_col-md-12&#8243; css=&#8220;.vc_custom_1534324555505{padding-top: 0px !important;padding-right: 0px !important;padding-bottom: 0px !important;padding-left: 0px !important;}&#8220;][\/vc_column_inner][vc_column_inner css=&#8220;.vc_custom_1483540852828{padding-top: 0px !important;padding-right: 0px !important;padding-bottom: 0px !important;padding-left: 0px !important;}&#8220; [&hellip;]<\/p>\n","protected":false},"author":1,"featured_media":0,"parent":0,"menu_order":0,"comment_status":"closed","ping_status":"closed","template":"full-width.php","meta":{"_monsterinsights_skip_tracking":false,"_monsterinsights_sitenote_active":false,"_monsterinsights_sitenote_note":"","_monsterinsights_sitenote_category":0,"footnotes":""},"class_list":["post-35779","page","type-page","status-publish","hentry"],"_links":{"self":[{"href":"https:\/\/bread.cz\/de\/wp-json\/wp\/v2\/pages\/35779","targetHints":{"allow":["GET"]}}],"collection":[{"href":"https:\/\/bread.cz\/de\/wp-json\/wp\/v2\/pages"}],"about":[{"href":"https:\/\/bread.cz\/de\/wp-json\/wp\/v2\/types\/page"}],"author":[{"embeddable":true,"href":"https:\/\/bread.cz\/de\/wp-json\/wp\/v2\/users\/1"}],"replies":[{"embeddable":true,"href":"https:\/\/bread.cz\/de\/wp-json\/wp\/v2\/comments?post=35779"}],"version-history":[{"count":8,"href":"https:\/\/bread.cz\/de\/wp-json\/wp\/v2\/pages\/35779\/revisions"}],"predecessor-version":[{"id":40885,"href":"https:\/\/bread.cz\/de\/wp-json\/wp\/v2\/pages\/35779\/revisions\/40885"}],"wp:attachment":[{"href":"https:\/\/bread.cz\/de\/wp-json\/wp\/v2\/media?parent=35779"}],"curies":[{"name":"wp","href":"https:\/\/api.w.org\/{rel}","templated":true}]}}