{"id":19030,"date":"2022-08-25T10:26:56","date_gmt":"2022-08-25T08:26:56","guid":{"rendered":"https:\/\/bread.cz\/?page_id=19030\/"},"modified":"2026-04-22T13:17:22","modified_gmt":"2026-04-22T11:17:22","slug":"bescheinigungen","status":"publish","type":"page","link":"https:\/\/bread.cz\/de\/bescheinigungen\/","title":{"rendered":"Bescheinigungen"},"content":{"rendered":"<p>[vc_section css=&#8220;.vc_custom_1534767948341{background-color: #ffffff !important;}&#8220;][vc_row row_content_width=&#8220;grid&#8220; css=&#8220;.vc_custom_1534767627777{background-color: #ffffff !important;}&#8220;][vc_column]<div class=\"eltdf-elements-holder eltdf-responsive-mode-768\" ><div class=\"eltdf-eh-item eltdf-horizontal-alignment-center\" data-item-class=\"eltdf-eh-custom-477537\" >\n\t<div class=\"eltdf-eh-item-inner\" >\n\t\t<div class=\"eltdf-eh-item-content eltdf-eh-custom-477537\" >\n\t\t\t[vc_column_text]<\/p>\n<p style=\"text-align: left;\"><strong>breAd. &amp; edible labels<\/strong> stellt seine Produkte auf innovativen Maschinen unter Einhaltung strengster Hygienestandards her. Das Ergebnis sind qualitativ hochwertige Produkte, die wir dann auf die globalen M\u00e4rkte liefern.<\/p>\n<p>[\/vc_column_text]\t\t<\/div>\n\t<\/div>\n<\/div><\/div>[\/vc_column][\/vc_row][\/vc_section][vc_section css=&#8220;.vc_custom_1645006885108{margin-bottom: 0px !important;background-color: #ffffff !important;}&#8220;][vc_row row_content_width=&#8220;grid&#8220; css=&#8220;.vc_custom_1534767627777{background-color: #ffffff !important;}&#8220;][vc_column width=&#8220;1\/4&#8243;]<div class=\"eltdf-elements-holder eltdf-responsive-mode-768\" ><div class=\"eltdf-eh-item eltdf-horizontal-alignment-center\" data-item-class=\"eltdf-eh-custom-499064\" >\n\t<div class=\"eltdf-eh-item-inner\" >\n\t\t<div class=\"eltdf-eh-item-content eltdf-eh-custom-499064\" >\n\t\t\t[vc_single_image image=&#8220;19053&#8243; img_size=&#8220;full&#8220;][vc_single_image image=&#8220;19096&#8243; img_size=&#8220;full&#8220;]\t\t<\/div>\n\t<\/div>\n<\/div><\/div>[\/vc_column][vc_column width=&#8220;3\/4&#8243;]<div class=\"eltdf-elements-holder eltdf-responsive-mode-768\" ><div class=\"eltdf-eh-item eltdf-horizontal-alignment-center\" data-item-class=\"eltdf-eh-custom-809165\" >\n\t<div class=\"eltdf-eh-item-inner\" >\n\t\t<div class=\"eltdf-eh-item-content eltdf-eh-custom-809165\" >\n\t\t\t[vc_column_text]<\/p>\n<p style=\"text-align: left;\"><strong>Bio-Lebensmittel<\/strong> sind Lebensmittel, die aus Bioprodukten hergestellt werden, d. h. aus Produkten des kontrolliert biologischen Landbaus, einer sehr fortschrittlichen Form der Landwirtschaft mit einem positiven Verh\u00e4ltnis zu Boden, Pflanzen, Tieren und Natur ohne den Einsatz von Kunstd\u00fcnger, Chemikalien, Spritzmitteln, Hormonen und k\u00fcnstlichen Stoffen.<\/p>\n<p><strong>Hier herunterladen: <a href=\"https:\/\/bread.cz\/wp-content\/uploads\/2026\/04\/BIO-certifikat-CZ_AJ_2026_2027.pdf\" target=\"_blank\" rel=\"noopener\">Zertifikat KEZ<\/a><\/strong>[\/vc_column_text]\t\t<\/div>\n\t<\/div>\n<\/div><\/div>[\/vc_column][\/vc_row][\/vc_section][vc_section css=&#8220;.vc_custom_1612342929778{margin-bottom: 100px !important;background-color: #ffffff !important;}&#8220;][vc_row row_content_width=&#8220;grid&#8220; css=&#8220;.vc_custom_1534767627777{background-color: #ffffff !important;}&#8220;][vc_column width=&#8220;1\/4&#8243;]<div class=\"eltdf-elements-holder eltdf-responsive-mode-768\" ><div class=\"eltdf-eh-item eltdf-horizontal-alignment-center\" data-item-class=\"eltdf-eh-custom-591811\" >\n\t<div class=\"eltdf-eh-item-inner\" >\n\t\t<div class=\"eltdf-eh-item-content eltdf-eh-custom-591811\" >\n\t\t\t[vc_single_image image=&#8220;21610&#8243; img_size=&#8220;&#8220; alignment=&#8220;center&#8220;]\t\t<\/div>\n\t<\/div>\n<\/div><\/div>[\/vc_column][vc_column width=&#8220;3\/4&#8243;]<div class=\"eltdf-elements-holder eltdf-responsive-mode-768\" ><div class=\"eltdf-eh-item eltdf-horizontal-alignment-center\" data-item-class=\"eltdf-eh-custom-378406\" >\n\t<div class=\"eltdf-eh-item-inner\" >\n\t\t<div class=\"eltdf-eh-item-content eltdf-eh-custom-378406\" >\n\t\t\t[vc_column_text]<\/p>\n<p style=\"text-align: left;\"><strong>Die globalen BRC-Standards<\/strong> garantieren die Zuverl\u00e4ssigkeit der gesamten Lieferkette durch die Standardisierung von Qualit\u00e4ts-, Sicherheits- und Betriebsanforderungen. Sie legen die Kriterien f\u00fcr hervorragende Herstellungspraktiken fest und geben den Kunden die Gewissheit, dass die Produkte sicher, hochwertig und vorschriftsm\u00e4\u00dfig sind.<\/p>\n<p><strong>Hier herunterladen: <a href=\"https:\/\/bread.cz\/wp-content\/uploads\/2022\/11\/00034266-BRC-ENGUS-UKAS.PDF\" target=\"_blank\" rel=\"noopener\">Zertifikat BRC<\/a><\/strong>[\/vc_column_text]\t\t<\/div>\n\t<\/div>\n<\/div><\/div>[\/vc_column][\/vc_row][\/vc_section]<\/p>\n","protected":false},"excerpt":{"rendered":"<p>[vc_section css=&#8220;.vc_custom_1534767948341{background-color: #ffffff !important;}&#8220;][vc_row row_content_width=&#8220;grid&#8220; css=&#8220;.vc_custom_1534767627777{background-color: #ffffff !important;}&#8220;][vc_column][\/vc_column][\/vc_row][\/vc_section][vc_section css=&#8220;.vc_custom_1645006885108{margin-bottom: 0px !important;background-color: #ffffff !important;}&#8220;][vc_row row_content_width=&#8220;grid&#8220; css=&#8220;.vc_custom_1534767627777{background-color: #ffffff !important;}&#8220;][vc_column width=&#8220;1\/4&#8243;][\/vc_column][vc_column width=&#8220;3\/4&#8243;][\/vc_column][\/vc_row][\/vc_section][vc_section css=&#8220;.vc_custom_1612342929778{margin-bottom: 100px !important;background-color: #ffffff !important;}&#8220;][vc_row row_content_width=&#8220;grid&#8220; css=&#8220;.vc_custom_1534767627777{background-color: #ffffff !important;}&#8220;][vc_column width=&#8220;1\/4&#8243;][\/vc_column][vc_column width=&#8220;3\/4&#8243;][\/vc_column][\/vc_row][\/vc_section]<\/p>\n","protected":false},"author":1,"featured_media":0,"parent":0,"menu_order":0,"comment_status":"closed","ping_status":"closed","template":"full-width.php","meta":{"_monsterinsights_skip_tracking":false,"_monsterinsights_sitenote_active":false,"_monsterinsights_sitenote_note":"","_monsterinsights_sitenote_category":0,"footnotes":""},"class_list":["post-19030","page","type-page","status-publish","hentry"],"_links":{"self":[{"href":"https:\/\/bread.cz\/de\/wp-json\/wp\/v2\/pages\/19030","targetHints":{"allow":["GET"]}}],"collection":[{"href":"https:\/\/bread.cz\/de\/wp-json\/wp\/v2\/pages"}],"about":[{"href":"https:\/\/bread.cz\/de\/wp-json\/wp\/v2\/types\/page"}],"author":[{"embeddable":true,"href":"https:\/\/bread.cz\/de\/wp-json\/wp\/v2\/users\/1"}],"replies":[{"embeddable":true,"href":"https:\/\/bread.cz\/de\/wp-json\/wp\/v2\/comments?post=19030"}],"version-history":[{"count":10,"href":"https:\/\/bread.cz\/de\/wp-json\/wp\/v2\/pages\/19030\/revisions"}],"predecessor-version":[{"id":54134,"href":"https:\/\/bread.cz\/de\/wp-json\/wp\/v2\/pages\/19030\/revisions\/54134"}],"wp:attachment":[{"href":"https:\/\/bread.cz\/de\/wp-json\/wp\/v2\/media?parent=19030"}],"curies":[{"name":"wp","href":"https:\/\/api.w.org\/{rel}","templated":true}]}}