{"id":12863,"date":"2018-08-01T13:29:04","date_gmt":"2018-08-01T11:29:04","guid":{"rendered":"https:\/\/bread.cz\/free-samples\/"},"modified":"2023-08-10T08:16:30","modified_gmt":"2023-08-10T06:16:30","slug":"free-samples","status":"publish","type":"page","link":"https:\/\/bread.cz\/de\/free-samples\/","title":{"rendered":"Kostenlose Proben"},"content":{"rendered":"<p>[vc_row row_content_width=&#8220;grid&#8220; css=&#8220;.vc_custom_1534767627777{background-color: #ffffff !important;}&#8220;][vc_column]<div class=\"eltdf-elements-holder eltdf-responsive-mode-768\" ><div class=\"eltdf-eh-item eltdf-horizontal-alignment-center\" data-item-class=\"eltdf-eh-custom-266458\" >\n\t<div class=\"eltdf-eh-item-inner\" >\n\t\t<div class=\"eltdf-eh-item-content eltdf-eh-custom-266458\" >\n\t\t\t<div class=\"eltdf-section-title-holder\" >\n\t\t\t<h2 class=\"eltdf-st-title\" >\n\t\t\t<span>Kundenspezifische Proben von essbaren Etiketten<\/span>\n\t\t<\/h2>\n\t\t\t\t<h5 class=\"eltdf-st-text\" >Der beste Weg, um mit essbaren Etiketten zu beginnen, besteht darin, sie zu testen - sie zu backen, das Ergebnis zu sehen und das Feedback von anderen zu bewerten. Wir k\u00f6nnen Ihnen kundenspezifische essbare Aufkleber mit Ihrem Logo, ihrer Marke oder irgendeinem anderen Entwurf, nur gegen Erstattung der Versandkosten zur Verf\u00fcgung stellen. Das Vorbereiten des Designs f\u00fcr Ihre Etiketten ist kostenlos. Wir ben\u00f6tigen von Ihnen nur die Idee, was Sie auf ihnen wollen, wie Produktname, neues Markendesign, Informationssatz usw. Wenn Sie Fragen zu unseren essbaren Etiketten haben, dann setzen Sie sich mit uns in Verbindung per Kontaktformular unten.<\/h5>\n\t<\/div>\t\t<\/div>\n\t<\/div>\n<\/div><\/div>[\/vc_column][\/vc_row][vc_row css=&#8220;.vc_custom_1534767495571{background-color: #ffffff !important;}&#8220;][vc_column width=&#8220;1\/3&#8243;][\/vc_column][vc_column width=&#8220;1\/3&#8243;][vc_raw_html]JTNDaWZyYW1lJTIwY2xhc3MlM0QlMjJjbGlja3VwLWVtYmVkJTIwY2xpY2t1cC1keW5hbWljLWhlaWdodCUyMiUyMHNyYyUzRCUyMmh0dHBzJTNBJTJGJTJGZm9ybXMuY2xpY2t1cC5jb20lMkYyMTU1MzU3JTJGZiUyRjIxcnV4LTIwMjAxJTJGMjk1OVZWWjZZMjVGUDhERUtaJTIyJTIwb253aGVlbCUzRCUyMiUyMiUyMHdpZHRoJTNEJTIyMTAwJTI1JTIyJTIwaGVpZ2h0JTNEJTIyMTMwMHB4JTIyJTIwc3R5bGUlM0QlMjJiYWNrZ3JvdW5kJTNBJTIwdHJhbnNwYXJlbnQlM0IlMjBib3JkZXIlM0ElMjAwcHglM0IlMjIlM0UlM0MlMkZpZnJhbWUlM0UlM0NzY3JpcHQlMjBhc3luYyUyMHNyYyUzRCUyMmh0dHBzJTNBJTJGJTJGYXBwLWNkbi5jbGlja3VwLmNvbSUyRmFzc2V0cyUyRmpzJTJGZm9ybXMtZW1iZWQlMkZ2MS5qcyUyMiUzRSUzQyUyRnNjcmlwdCUzRQ==[\/vc_raw_html][\/vc_column][vc_column width=&#8220;1\/3&#8243;][\/vc_column][\/vc_row][vc_row][vc_column][vc_empty_space height=&#8220;64px&#8220;][\/vc_column][\/vc_row][vc_row el_class=&#8220;elated-custom-button-class&#8220; css=&#8220;.vc_custom_1538673607430{background-color: #f5f1ee !important;}&#8220;][vc_column css=&#8220;.vc_custom_1474296714333{padding-top: 0px !important;}&#8220;][vc_row_inner css=&#8220;.vc_custom_1483532586925{margin-right: 0px !important;margin-left: 0px !important;padding-top: 0px !important;padding-bottom: 0px !important;background-color: #f7f4f0 !important;}&#8220;][vc_column_inner offset=&#8220;vc_col-lg-3 vc_col-md-12&#8243; css=&#8220;.vc_custom_1534324555505{padding-top: 0px !important;padding-right: 0px !important;padding-bottom: 0px !important;padding-left: 0px !important;}&#8220;]<div class=\"eltdf-elements-holder eltdf-responsive-mode-768\" ><div class=\"eltdf-eh-item \" data-item-class=\"eltdf-eh-custom-712744\" data-1280-1600=\"5% 15% 5% 15%\" data-1024-1280=\"5% 15% 5% 15%\" data-480=\"0px 35px 0px 25px\" >\n\t<div class=\"eltdf-eh-item-inner\" style=\"background-color: #f7f4f0\">\n\t\t<div class=\"eltdf-eh-item-content eltdf-eh-custom-712744\" style=\"padding: 5% 15% 5% 15%\">\n\t\t\t[vc_column_text]<\/p>\n<h3>Unsere Galerie<\/h3>\n<p>[\/vc_column_text][vc_empty_space height=&#8220;7&#8243;][vc_column_text]Entdecken Sie unsere Galerie mit Anwendungsbeispielen f\u00fcr viele Arten von Waffeletiketten auf einer breiten Palette von Backwaren.[\/vc_column_text][vc_empty_space height=&#8220;17&#8243;]<a itemprop=\"url\" href=\"https:\/\/bread.cz\/en\/gallery\/\" target=\"_self\" style=\"font-size: 13px;font-weight: 700;text-transform: uppercase\" class=\"eltdf-btn eltdf-btn-medium eltdf-btn-simple eltdf-btn-custom-hover-color eltdf-btn-animation\" data-hover-color=\"#e59b4f\" >\n    <span class=\"eltdf-btn-text\">\n    ALLE ARBEITEN ANZEIGEN        \t<span class=\"eltdf-btn-bottom-line\"><\/span>\n    \t<span class=\"eltdf-btn-upper-line\"><\/span>\n        <\/span>\n    <\/a>\t\t<\/div>\n\t<\/div>\n<\/div><\/div>[\/vc_column_inner][vc_column_inner css=&#8220;.vc_custom_1483540852828{padding-top: 0px !important;padding-right: 0px !important;padding-bottom: 0px !important;padding-left: 0px !important;}&#8220; offset=&#8220;vc_col-lg-9 vc_col-md-12&#8243;]<div class=\"eltdf-image-gallery\">\n\t<div class=\"eltdf-ig-slider \" data-number-of-visible-items=\"3\" data-autoplay=\"3\" data-animation=\"slide\" data-navigation=\"no\" data-pagination=\"no\">\n\t\t\t\t\t\t<a class=\"eltdf-ig-lightbox\" href=\"https:\/\/bread.cz\/wp-content\/uploads\/2018\/08\/ceres-1.jpg\" data-rel=\"prettyPhoto[single_pretty_photo]\" title=\"ceres\">\n\t\t\t\t\t\t\t\t\t\t\t\t<img decoding=\"async\" width=\"1000\" height=\"800\" data-src=\"https:\/\/bread.cz\/wp-content\/uploads\/2018\/08\/ceres-1.jpg\" class=\"attachment-full size-full lazyload\" alt=\"\" data-srcset=\"https:\/\/bread.cz\/wp-content\/uploads\/2018\/08\/ceres-1.jpg 1000w, https:\/\/bread.cz\/wp-content\/uploads\/2018\/08\/ceres-1-300x240.jpg 300w, https:\/\/bread.cz\/wp-content\/uploads\/2018\/08\/ceres-1-768x614.jpg 768w\" data-sizes=\"(max-width: 1000px) 100vw, 1000px\" src=\"data:image\/gif;base64,R0lGODlhAQABAAAAACH5BAEKAAEALAAAAAABAAEAAAICTAEAOw==\" style=\"--smush-placeholder-width: 1000px; --smush-placeholder-aspect-ratio: 1000\/800;\" \/>\t\t\t\t\t\t\t\t\t\t\t<div class=\"eltdf-image-gallery-overlay\"><\/div>\n\t\t\t\t<\/a>\n\t\t\t\t\t\t\t<a class=\"eltdf-ig-lightbox\" href=\"https:\/\/bread.cz\/wp-content\/uploads\/2018\/08\/cvrcovice-1.jpg\" data-rel=\"prettyPhoto[single_pretty_photo]\" title=\"cvrcovice\">\n\t\t\t\t\t\t\t\t\t\t\t\t<img decoding=\"async\" width=\"1000\" height=\"800\" data-src=\"https:\/\/bread.cz\/wp-content\/uploads\/2018\/08\/cvrcovice-1.jpg\" class=\"attachment-full size-full lazyload\" alt=\"\" data-srcset=\"https:\/\/bread.cz\/wp-content\/uploads\/2018\/08\/cvrcovice-1.jpg 1000w, https:\/\/bread.cz\/wp-content\/uploads\/2018\/08\/cvrcovice-1-300x240.jpg 300w, https:\/\/bread.cz\/wp-content\/uploads\/2018\/08\/cvrcovice-1-768x614.jpg 768w\" data-sizes=\"(max-width: 1000px) 100vw, 1000px\" src=\"data:image\/gif;base64,R0lGODlhAQABAAAAACH5BAEKAAEALAAAAAABAAEAAAICTAEAOw==\" style=\"--smush-placeholder-width: 1000px; --smush-placeholder-aspect-ratio: 1000\/800;\" \/>\t\t\t\t\t\t\t\t\t\t\t<div class=\"eltdf-image-gallery-overlay\"><\/div>\n\t\t\t\t<\/a>\n\t\t\t\t\t\t\t<a class=\"eltdf-ig-lightbox\" href=\"https:\/\/bread.cz\/wp-content\/uploads\/2018\/08\/nopal-1.jpg\" data-rel=\"prettyPhoto[single_pretty_photo]\" title=\"nopal\">\n\t\t\t\t\t\t\t\t\t\t\t\t<img decoding=\"async\" width=\"1000\" height=\"800\" data-src=\"https:\/\/bread.cz\/wp-content\/uploads\/2018\/08\/nopal-1.jpg\" class=\"attachment-full size-full lazyload\" alt=\"\" data-srcset=\"https:\/\/bread.cz\/wp-content\/uploads\/2018\/08\/nopal-1.jpg 1000w, https:\/\/bread.cz\/wp-content\/uploads\/2018\/08\/nopal-1-300x240.jpg 300w, https:\/\/bread.cz\/wp-content\/uploads\/2018\/08\/nopal-1-768x614.jpg 768w\" data-sizes=\"(max-width: 1000px) 100vw, 1000px\" src=\"data:image\/gif;base64,R0lGODlhAQABAAAAACH5BAEKAAEALAAAAAABAAEAAAICTAEAOw==\" style=\"--smush-placeholder-width: 1000px; --smush-placeholder-aspect-ratio: 1000\/800;\" \/>\t\t\t\t\t\t\t\t\t\t\t<div class=\"eltdf-image-gallery-overlay\"><\/div>\n\t\t\t\t<\/a>\n\t\t\t\t\t\t\t<a class=\"eltdf-ig-lightbox\" href=\"https:\/\/bread.cz\/wp-content\/uploads\/2018\/08\/spaldik-1.jpg\" data-rel=\"prettyPhoto[single_pretty_photo]\" title=\"spaldik\">\n\t\t\t\t\t\t\t\t\t\t\t\t<img decoding=\"async\" width=\"1000\" height=\"800\" data-src=\"https:\/\/bread.cz\/wp-content\/uploads\/2018\/08\/spaldik-1.jpg\" class=\"attachment-full size-full lazyload\" alt=\"\" data-srcset=\"https:\/\/bread.cz\/wp-content\/uploads\/2018\/08\/spaldik-1.jpg 1000w, https:\/\/bread.cz\/wp-content\/uploads\/2018\/08\/spaldik-1-300x240.jpg 300w, https:\/\/bread.cz\/wp-content\/uploads\/2018\/08\/spaldik-1-768x614.jpg 768w\" data-sizes=\"(max-width: 1000px) 100vw, 1000px\" src=\"data:image\/gif;base64,R0lGODlhAQABAAAAACH5BAEKAAEALAAAAAABAAEAAAICTAEAOw==\" style=\"--smush-placeholder-width: 1000px; --smush-placeholder-aspect-ratio: 1000\/800;\" \/>\t\t\t\t\t\t\t\t\t\t\t<div class=\"eltdf-image-gallery-overlay\"><\/div>\n\t\t\t\t<\/a>\n\t\t\t\t<\/div>\n<\/div>[\/vc_column_inner][\/vc_row_inner][\/vc_column][\/vc_row]<\/p>\n","protected":false},"excerpt":{"rendered":"<p>[vc_row row_content_width=&#8220;grid&#8220; css=&#8220;.vc_custom_1534767627777{background-color: #ffffff !important;}&#8220;][vc_column][\/vc_column][\/vc_row][vc_row css=&#8220;.vc_custom_1534767495571{background-color: #ffffff !important;}&#8220;][vc_column width=&#8220;1\/3&#8243;][\/vc_column][vc_column width=&#8220;1\/3&#8243;][vc_raw_html]JTNDaWZyYW1lJTIwY2xhc3MlM0QlMjJjbGlja3VwLWVtYmVkJTIwY2xpY2t1cC1keW5hbWljLWhlaWdodCUyMiUyMHNyYyUzRCUyMmh0dHBzJTNBJTJGJTJGZm9ybXMuY2xpY2t1cC5jb20lMkYyMTU1MzU3JTJGZiUyRjIxcnV4LTIwMjAxJTJGMjk1OVZWWjZZMjVGUDhERUtaJTIyJTIwb253aGVlbCUzRCUyMiUyMiUyMHdpZHRoJTNEJTIyMTAwJTI1JTIyJTIwaGVpZ2h0JTNEJTIyMTMwMHB4JTIyJTIwc3R5bGUlM0QlMjJiYWNrZ3JvdW5kJTNBJTIwdHJhbnNwYXJlbnQlM0IlMjBib3JkZXIlM0ElMjAwcHglM0IlMjIlM0UlM0MlMkZpZnJhbWUlM0UlM0NzY3JpcHQlMjBhc3luYyUyMHNyYyUzRCUyMmh0dHBzJTNBJTJGJTJGYXBwLWNkbi5jbGlja3VwLmNvbSUyRmFzc2V0cyUyRmpzJTJGZm9ybXMtZW1iZWQlMkZ2MS5qcyUyMiUzRSUzQyUyRnNjcmlwdCUzRQ==[\/vc_raw_html][\/vc_column][vc_column width=&#8220;1\/3&#8243;][\/vc_column][\/vc_row][vc_row][vc_column][vc_empty_space height=&#8220;64px&#8220;][\/vc_column][\/vc_row][vc_row el_class=&#8220;elated-custom-button-class&#8220; css=&#8220;.vc_custom_1538673607430{background-color: #f5f1ee !important;}&#8220;][vc_column css=&#8220;.vc_custom_1474296714333{padding-top: 0px !important;}&#8220;][vc_row_inner css=&#8220;.vc_custom_1483532586925{margin-right: 0px !important;margin-left: 0px !important;padding-top: 0px !important;padding-bottom: 0px !important;background-color: #f7f4f0 !important;}&#8220;][vc_column_inner offset=&#8220;vc_col-lg-3 vc_col-md-12&#8243; css=&#8220;.vc_custom_1534324555505{padding-top: 0px !important;padding-right: 0px !important;padding-bottom: 0px !important;padding-left: 0px !important;}&#8220;][\/vc_column_inner][vc_column_inner css=&#8220;.vc_custom_1483540852828{padding-top: 0px !important;padding-right: 0px [&hellip;]<\/p>\n","protected":false},"author":1,"featured_media":0,"parent":0,"menu_order":0,"comment_status":"closed","ping_status":"closed","template":"full-width.php","meta":{"_monsterinsights_skip_tracking":false,"_monsterinsights_sitenote_active":false,"_monsterinsights_sitenote_note":"","_monsterinsights_sitenote_category":0,"footnotes":""},"class_list":["post-12863","page","type-page","status-publish","hentry"],"_links":{"self":[{"href":"https:\/\/bread.cz\/de\/wp-json\/wp\/v2\/pages\/12863","targetHints":{"allow":["GET"]}}],"collection":[{"href":"https:\/\/bread.cz\/de\/wp-json\/wp\/v2\/pages"}],"about":[{"href":"https:\/\/bread.cz\/de\/wp-json\/wp\/v2\/types\/page"}],"author":[{"embeddable":true,"href":"https:\/\/bread.cz\/de\/wp-json\/wp\/v2\/users\/1"}],"replies":[{"embeddable":true,"href":"https:\/\/bread.cz\/de\/wp-json\/wp\/v2\/comments?post=12863"}],"version-history":[{"count":7,"href":"https:\/\/bread.cz\/de\/wp-json\/wp\/v2\/pages\/12863\/revisions"}],"predecessor-version":[{"id":35069,"href":"https:\/\/bread.cz\/de\/wp-json\/wp\/v2\/pages\/12863\/revisions\/35069"}],"wp:attachment":[{"href":"https:\/\/bread.cz\/de\/wp-json\/wp\/v2\/media?parent=12863"}],"curies":[{"name":"wp","href":"https:\/\/api.w.org\/{rel}","templated":true}]}}